{"id":602,"date":"2023-08-30T13:12:25","date_gmt":"2023-08-30T13:12:25","guid":{"rendered":"http:\/\/rukitisrezekne.lv\/?page_id=602"},"modified":"2024-10-11T12:33:23","modified_gmt":"2024-10-11T12:33:23","slug":"jautrais-rukis","status":"publish","type":"page","link":"https:\/\/rukitisrezekne.lv\/?page_id=602","title":{"rendered":"Jautrais r\u016b\u0137is"},"content":{"rendered":"<style>.kb-row-layout-id602_6939cf-eb > .kt-row-column-wrap{align-content:start;}:where(.kb-row-layout-id602_6939cf-eb > .kt-row-column-wrap) > .wp-block-kadence-column{justify-content:start;}.kb-row-layout-id602_6939cf-eb > .kt-row-column-wrap{column-gap:var(--global-kb-gap-md, 2rem);row-gap:var(--global-kb-gap-md, 2rem);max-width:var( --global-content-width, 1290px );padding-left:var(--global-content-edge-padding);padding-right:var(--global-content-edge-padding);padding-top:150px;padding-bottom:150px;grid-template-columns:minmax(0, 1fr);}.kb-row-layout-id602_6939cf-eb{background-image:url('http:\/\/rukitisrezekne.lv\/wp-content\/uploads\/2021\/10\/header-min-scaled-e1633976950613.jpeg');background-size:cover;background-position:46% 31%;background-attachment:scroll;background-repeat:no-repeat;}.kb-row-layout-id602_6939cf-eb > .kt-row-layout-overlay{opacity:0.30;background-color:var(--global-palette3, #1A202C);}.kb-row-layout-id602_6939cf-eb .kt-row-layout-bottom-sep{height:100px;}.kb-row-layout-id602_6939cf-eb .kt-row-layout-bottom-sep svg{width:100%;}.kb-row-layout-id602_6939cf-eb .kt-row-layout-bottom-sep svg{fill:#ffffff!important;}@media all and (max-width: 1024px){.kb-row-layout-id602_6939cf-eb > .kt-row-column-wrap{grid-template-columns:minmax(0, 1fr);}}@media all and (max-width: 1024px){.kb-row-layout-id602_6939cf-eb .kt-row-layout-bottom-sep{height:px;}}@media all and (max-width: 1024px){.kb-row-layout-id602_6939cf-eb .kt-row-layout-bottom-sep svg{width:%;}}@media all and (max-width: 767px){.kb-row-layout-id602_6939cf-eb > .kt-row-column-wrap{grid-template-columns:minmax(0, 1fr);}.kb-row-layout-id602_6939cf-eb .kt-row-layout-bottom-sep{height:px;}.kb-row-layout-id602_6939cf-eb .kt-row-layout-bottom-sep svg{width:%;}}<\/style><div class=\"kb-row-layout-wrap kb-row-layout-id602_6939cf-eb alignnone kt-row-has-bg wp-block-kadence-rowlayout\"><div class=\"kt-row-layout-overlay kt-row-overlay-normal\"><\/div><div class=\"kt-row-layout-bottom-sep kt-row-sep-type-waves\"><svg viewBox=\"0 0 1000 100\" preserveAspectRatio=\"none\"><path d=\"M1000,40c0,0 -120.077,-38.076 -250,-38c-129.923,0.076 -345.105,78 -500,78c-154.895,0 -250,-30 -250,-30l0,50l1000,0l0,-60Z\" \/><path d=\"M1000,40c0,0 -120.077,-38.076 -250,-38c-129.923,0.076 -345.105,73 -500,73c-154.895,0 -250,-45 -250,-45l0,70l1000,0l0,-60Z\" style=\"opacity: 0.4\" \/><path d=\"M1000,40c0,0 -120.077,-38.076 -250,-38c-129.923,0.076 -345.105,68 -500,68c-154.895,0 -250,-65 -250,-65l0,95l1000,0l0,-60Z\" style=\"opacity: 0.4\" \/><\/svg><\/div><div class=\"kt-row-column-wrap kt-has-1-columns kt-row-layout-equal kt-tab-layout-inherit kt-mobile-layout-row kt-row-valign-top kb-theme-content-width\">\n<style>.kadence-column602_c750d4-e8 > .kt-inside-inner-col,.kadence-column602_c750d4-e8 > .kt-inside-inner-col:before{border-top-left-radius:0px;border-top-right-radius:0px;border-bottom-right-radius:0px;border-bottom-left-radius:0px;}.kadence-column602_c750d4-e8 > .kt-inside-inner-col{column-gap:var(--global-kb-gap-sm, 1rem);}.kadence-column602_c750d4-e8 > .kt-inside-inner-col{flex-direction:column;}.kadence-column602_c750d4-e8 > .kt-inside-inner-col > .aligncenter{width:100%;}.kadence-column602_c750d4-e8 > .kt-inside-inner-col:before{opacity:0.3;}.kadence-column602_c750d4-e8{position:relative;}@media all and (max-width: 1024px){.kadence-column602_c750d4-e8 > .kt-inside-inner-col{flex-direction:column;}}@media all and (max-width: 767px){.kadence-column602_c750d4-e8 > .kt-inside-inner-col{flex-direction:column;}}<\/style>\n<div class=\"wp-block-kadence-column kadence-column602_c750d4-e8 inner-column-1\"><div class=\"kt-inside-inner-col\"><style>.wp-block-kadence-advancedheading.kt-adv-heading602_76ad76-53, .wp-block-kadence-advancedheading.kt-adv-heading602_76ad76-53[data-kb-block=\"kb-adv-heading602_76ad76-53\"]{padding-top:100px;padding-bottom:100px;text-align:center;font-weight:400;font-style:normal;font-family:Rowdies;color:#ffffff;text-shadow:1px 1px 10px var(--global-palette3, #1A202C);}.wp-block-kadence-advancedheading.kt-adv-heading602_76ad76-53 mark, .wp-block-kadence-advancedheading.kt-adv-heading602_76ad76-53[data-kb-block=\"kb-adv-heading602_76ad76-53\"] mark{font-style:normal;color:#f76a0c;padding-top:0px;padding-right:0px;padding-bottom:0px;padding-left:0px;}<\/style>\n<h1 class=\"kt-adv-heading602_76ad76-53 wp-block-kadence-advancedheading\" data-kb-block=\"kb-adv-heading602_76ad76-53\"><strong>Jautrais r\u016b\u0137is<\/strong><\/h1>\n<\/div><\/div>\n\n<\/div><\/div>\n\n<style>.kb-row-layout-id602_a73841-ca > .kt-row-column-wrap{align-content:center;}:where(.kb-row-layout-id602_a73841-ca > .kt-row-column-wrap) > .wp-block-kadence-column{justify-content:center;}.kb-row-layout-id602_a73841-ca > .kt-row-column-wrap{column-gap:80px;row-gap:var(--global-kb-gap-md, 2rem);max-width:var( --global-content-width, 1290px );padding-left:var(--global-content-edge-padding);padding-right:var(--global-content-edge-padding);padding-top:80px;padding-bottom:80px;grid-template-columns:minmax(0, 1fr);}.kb-row-layout-id602_a73841-ca > .kt-row-layout-overlay{opacity:0.30;}@media all and (max-width: 1024px){.kb-row-layout-id602_a73841-ca > .kt-row-column-wrap{grid-template-columns:minmax(0, 1fr);}}@media all and (max-width: 767px){.kb-row-layout-id602_a73841-ca > .kt-row-column-wrap{grid-template-columns:minmax(0, 1fr);}}.kb-row-layout-id602_a73841-ca .rounded-corners {border-radius: 70px;}<\/style><div class=\"kb-row-layout-wrap kb-row-layout-id602_a73841-ca alignnone wp-block-kadence-rowlayout\"><div class=\"kt-row-column-wrap kt-has-1-columns kt-row-layout-equal kt-tab-layout-inherit kt-mobile-layout-row kt-row-valign-middle kb-theme-content-width\">\n<style>.kadence-column602_b84bfb-95 > .kt-inside-inner-col,.kadence-column602_b84bfb-95 > .kt-inside-inner-col:before{border-top-left-radius:0px;border-top-right-radius:0px;border-bottom-right-radius:0px;border-bottom-left-radius:0px;}.kadence-column602_b84bfb-95 > .kt-inside-inner-col{column-gap:var(--global-kb-gap-sm, 1rem);}.kadence-column602_b84bfb-95 > .kt-inside-inner-col{flex-direction:column;}.kadence-column602_b84bfb-95 > .kt-inside-inner-col > .aligncenter{width:100%;}.kadence-column602_b84bfb-95 > .kt-inside-inner-col:before{opacity:0.3;}.kadence-column602_b84bfb-95{position:relative;}@media all and (max-width: 1024px){.kadence-column602_b84bfb-95 > .kt-inside-inner-col{flex-direction:column;}}@media all and (max-width: 767px){.kadence-column602_b84bfb-95 > .kt-inside-inner-col{flex-direction:column;}}<\/style>\n<div class=\"wp-block-kadence-column kadence-column602_b84bfb-95 inner-column-1\"><div class=\"kt-inside-inner-col\"><style>.wp-block-kadence-advancedheading.kt-adv-heading602_a177a9-be, .wp-block-kadence-advancedheading.kt-adv-heading602_a177a9-be[data-kb-block=\"kb-adv-heading602_a177a9-be\"]{font-weight:400;font-style:normal;font-family:Rowdies;}.wp-block-kadence-advancedheading.kt-adv-heading602_a177a9-be mark, .wp-block-kadence-advancedheading.kt-adv-heading602_a177a9-be[data-kb-block=\"kb-adv-heading602_a177a9-be\"] mark{font-style:normal;color:#f76a0c;padding-top:0px;padding-right:0px;padding-bottom:0px;padding-left:0px;}<\/style>\n<h2 class=\"kt-adv-heading602_a177a9-be wp-block-kadence-advancedheading has-theme-palette-4-color has-text-color\" data-kb-block=\"kb-adv-heading602_a177a9-be\"><strong><strong>Jautrais r\u016b\u0137is<\/strong><\/strong><\/h2>\n\n\n<style>.wp-block-kadence-advancedheading.kt-adv-heading602_918a4b-93, .wp-block-kadence-advancedheading.kt-adv-heading602_918a4b-93[data-kb-block=\"kb-adv-heading602_918a4b-93\"]{font-weight:300;font-style:normal;}.wp-block-kadence-advancedheading.kt-adv-heading602_918a4b-93 mark, .wp-block-kadence-advancedheading.kt-adv-heading602_918a4b-93[data-kb-block=\"kb-adv-heading602_918a4b-93\"] mark{font-style:normal;color:#f76a0c;padding-top:0px;padding-right:0px;padding-bottom:0px;padding-left:0px;}<\/style>\n<p class=\"kt-adv-heading602_918a4b-93 wp-block-kadence-advancedheading has-theme-palette-4-color has-text-color\" data-kb-block=\"kb-adv-heading602_918a4b-93\">2024.\/2025.m\u0101c\u012bbu gada grupas skolot\u0101jas Evija Pran\u010da, Viktorija \u0160alajeva, skolot\u0101ja pal\u012bgs Sintija Romka<\/p>\n<\/div><\/div>\n\n<\/div><\/div>\n\n<style>.kb-row-layout-id602_ed94ad-a3 > .kt-row-column-wrap{align-content:start;}:where(.kb-row-layout-id602_ed94ad-a3 > .kt-row-column-wrap) > .wp-block-kadence-column{justify-content:start;}.kb-row-layout-id602_ed94ad-a3 > .kt-row-column-wrap{column-gap:var(--global-kb-gap-md, 2rem);row-gap:var(--global-kb-gap-md, 2rem);max-width:700px;margin-left:auto;margin-right:auto;padding-top:125px;padding-bottom:25px;grid-template-columns:minmax(0, 1fr);}.kb-row-layout-id602_ed94ad-a3 > .kt-row-layout-overlay{opacity:0.30;}.kb-row-layout-id602_ed94ad-a3 .kt-row-layout-bottom-sep{height:100px;}.kb-row-layout-id602_ed94ad-a3 .kt-row-layout-bottom-sep svg{width:100%;}.kb-row-layout-id602_ed94ad-a3 .kt-row-layout-bottom-sep svg{fill:#ffffff!important;}.kb-row-layout-id602_ed94ad-a3 .kt-row-layout-top-sep{height:100px;}.kb-row-layout-id602_ed94ad-a3 .kt-row-layout-top-sep svg{fill:#ffffff!important;}@media all and (max-width: 1024px){.kb-row-layout-id602_ed94ad-a3 > .kt-row-column-wrap{grid-template-columns:minmax(0, 1fr);}}@media all and (max-width: 1024px){.kb-row-layout-id602_ed94ad-a3 .kt-row-layout-bottom-sep{height:px;}}@media all and (max-width: 1024px){.kb-row-layout-id602_ed94ad-a3 .kt-row-layout-bottom-sep svg{width:%;}}@media all and (max-width: 767px){.kb-row-layout-id602_ed94ad-a3 > .kt-row-column-wrap{grid-template-columns:minmax(0, 1fr);}.kb-row-layout-id602_ed94ad-a3 .kt-row-layout-bottom-sep{height:px;}.kb-row-layout-id602_ed94ad-a3 .kt-row-layout-bottom-sep svg{width:%;}}<\/style><div class=\"kb-row-layout-wrap kb-row-layout-id602_ed94ad-a3 alignnone has-theme-palette1-background-color kt-row-has-bg wp-block-kadence-rowlayout\"><div class=\"kt-row-layout-top-sep kt-row-sep-type-waves\"><svg viewBox=\"0 0 1000 100\" preserveAspectRatio=\"none\"><path d=\"M1000,40c0,0 -120.077,-38.076 -250,-38c-129.923,0.076 -345.105,78 -500,78c-154.895,0 -250,-30 -250,-30l0,50l1000,0l0,-60Z\" \/><path d=\"M1000,40c0,0 -120.077,-38.076 -250,-38c-129.923,0.076 -345.105,73 -500,73c-154.895,0 -250,-45 -250,-45l0,70l1000,0l0,-60Z\" style=\"opacity: 0.4\" \/><path d=\"M1000,40c0,0 -120.077,-38.076 -250,-38c-129.923,0.076 -345.105,68 -500,68c-154.895,0 -250,-65 -250,-65l0,95l1000,0l0,-60Z\" style=\"opacity: 0.4\" \/><\/svg><\/div><div class=\"kt-row-column-wrap kt-has-1-columns kt-row-layout-equal kt-tab-layout-inherit kt-mobile-layout-row kt-row-valign-top\">\n<style>.kadence-column602_0ccaad-a3 > .kt-inside-inner-col,.kadence-column602_0ccaad-a3 > .kt-inside-inner-col:before{border-top-left-radius:0px;border-top-right-radius:0px;border-bottom-right-radius:0px;border-bottom-left-radius:0px;}.kadence-column602_0ccaad-a3 > .kt-inside-inner-col{column-gap:var(--global-kb-gap-sm, 1rem);}.kadence-column602_0ccaad-a3 > .kt-inside-inner-col{flex-direction:column;}.kadence-column602_0ccaad-a3 > .kt-inside-inner-col > .aligncenter{width:100%;}.kadence-column602_0ccaad-a3 > .kt-inside-inner-col:before{opacity:0.3;}.kadence-column602_0ccaad-a3{position:relative;}@media all and (max-width: 1024px){.kadence-column602_0ccaad-a3 > .kt-inside-inner-col{flex-direction:column;}}@media all and (max-width: 767px){.kadence-column602_0ccaad-a3 > .kt-inside-inner-col{flex-direction:column;}}<\/style>\n<div class=\"wp-block-kadence-column kadence-column602_0ccaad-a3\"><div class=\"kt-inside-inner-col\"><\/div><\/div>\n\n<\/div><\/div>\n\n<style>.kb-row-layout-id602_26d0f2-a0 > .kt-row-column-wrap{align-content:start;}:where(.kb-row-layout-id602_26d0f2-a0 > .kt-row-column-wrap) > .wp-block-kadence-column{justify-content:start;}.kb-row-layout-id602_26d0f2-a0 > .kt-row-column-wrap{column-gap:var(--global-kb-gap-md, 2rem);row-gap:var(--global-kb-gap-md, 2rem);max-width:var( --global-content-width, 1290px );padding-left:var(--global-content-edge-padding);padding-right:var(--global-content-edge-padding);padding-top:50px;padding-bottom:175px;grid-template-columns:minmax(0, 1fr);}.kb-row-layout-id602_26d0f2-a0 > .kt-row-layout-overlay{opacity:0.00;}.kb-row-layout-id602_26d0f2-a0 .kt-row-layout-bottom-sep{height:100px;}.kb-row-layout-id602_26d0f2-a0 .kt-row-layout-bottom-sep svg{width:100%;}.kb-row-layout-id602_26d0f2-a0 .kt-row-layout-bottom-sep svg{fill:var(--global-palette9, #ffffff)!important;}@media all and (max-width: 1024px){.kb-row-layout-id602_26d0f2-a0 > .kt-row-column-wrap{grid-template-columns:minmax(0, 1fr);}}@media all and (max-width: 1024px){.kb-row-layout-id602_26d0f2-a0 .kt-row-layout-bottom-sep{height:px;}}@media all and (max-width: 1024px){.kb-row-layout-id602_26d0f2-a0 .kt-row-layout-bottom-sep svg{width:%;}}@media all and (max-width: 767px){.kb-row-layout-id602_26d0f2-a0 > .kt-row-column-wrap{grid-template-columns:minmax(0, 1fr);}.kb-row-layout-id602_26d0f2-a0 .kt-row-layout-bottom-sep{height:px;}.kb-row-layout-id602_26d0f2-a0 .kt-row-layout-bottom-sep svg{width:%;}}.kb-row-layout-id602_26d0f2-a0<\/style><div class=\"kb-row-layout-wrap kb-row-layout-id602_26d0f2-a0 alignnone has-theme-palette1-background-color kt-row-has-bg wp-block-kadence-rowlayout\"><div class=\"kt-row-column-wrap kt-has-1-columns kt-row-layout-equal kt-tab-layout-inherit kt-mobile-layout-row kt-row-valign-top kt-inner-column-height-full kb-theme-content-width\">\n<style>.kadence-column602_95fda8-10 > .kt-inside-inner-col,.kadence-column602_95fda8-10 > .kt-inside-inner-col:before{border-top-left-radius:0px;border-top-right-radius:0px;border-bottom-right-radius:0px;border-bottom-left-radius:0px;}.kadence-column602_95fda8-10 > .kt-inside-inner-col{column-gap:var(--global-kb-gap-sm, 1rem);}.kadence-column602_95fda8-10 > .kt-inside-inner-col{flex-direction:column;}.kadence-column602_95fda8-10 > .kt-inside-inner-col > .aligncenter{width:100%;}.kadence-column602_95fda8-10 > .kt-inside-inner-col:before{opacity:0.3;}.kadence-column602_95fda8-10{position:relative;}@media all and (max-width: 1024px){.kadence-column602_95fda8-10 > .kt-inside-inner-col{flex-direction:column;}}@media all and (max-width: 767px){.kadence-column602_95fda8-10 > .kt-inside-inner-col{flex-direction:column;}}<\/style>\n<div class=\"wp-block-kadence-column kadence-column602_95fda8-10\"><div class=\"kt-inside-inner-col\"><p>No posts<\/p><\/div><\/div>\n\n<\/div><\/div>","protected":false},"excerpt":{"rendered":"<p>Jautrais r\u016b\u0137is Jautrais r\u016b\u0137is 2024.\/2025.m\u0101c\u012bbu gada grupas skolot\u0101jas Evija Pran\u010da, Viktorija \u0160alajeva, skolot\u0101ja pal\u012bgs Sintija Romka<\/p>\n","protected":false},"author":1,"featured_media":0,"parent":0,"menu_order":0,"comment_status":"closed","ping_status":"closed","template":"","meta":{"_kadence_starter_templates_imported_post":true,"_kad_post_transparent":"enable","_kad_post_title":"hide","_kad_post_layout":"fullwidth","_kad_post_sidebar_id":"","_kad_post_content_style":"unboxed","_kad_post_vertical_padding":"","_kad_post_feature":"","_kad_post_feature_position":"","_kad_post_header":false,"_kad_post_footer":false,"footnotes":""},"class_list":["post-602","page","type-page","status-publish","hentry"],"_links":{"self":[{"href":"https:\/\/rukitisrezekne.lv\/index.php?rest_route=\/wp\/v2\/pages\/602","targetHints":{"allow":["GET"]}}],"collection":[{"href":"https:\/\/rukitisrezekne.lv\/index.php?rest_route=\/wp\/v2\/pages"}],"about":[{"href":"https:\/\/rukitisrezekne.lv\/index.php?rest_route=\/wp\/v2\/types\/page"}],"author":[{"embeddable":true,"href":"https:\/\/rukitisrezekne.lv\/index.php?rest_route=\/wp\/v2\/users\/1"}],"replies":[{"embeddable":true,"href":"https:\/\/rukitisrezekne.lv\/index.php?rest_route=%2Fwp%2Fv2%2Fcomments&post=602"}],"version-history":[{"count":6,"href":"https:\/\/rukitisrezekne.lv\/index.php?rest_route=\/wp\/v2\/pages\/602\/revisions"}],"predecessor-version":[{"id":1571,"href":"https:\/\/rukitisrezekne.lv\/index.php?rest_route=\/wp\/v2\/pages\/602\/revisions\/1571"}],"wp:attachment":[{"href":"https:\/\/rukitisrezekne.lv\/index.php?rest_route=%2Fwp%2Fv2%2Fmedia&parent=602"}],"curies":[{"name":"wp","href":"https:\/\/api.w.org\/{rel}","templated":true}]}}