{"id":596,"date":"2023-08-30T12:29:45","date_gmt":"2023-08-30T12:29:45","guid":{"rendered":"http:\/\/rukitisrezekne.lv\/?page_id=596"},"modified":"2024-10-11T12:27:40","modified_gmt":"2024-10-11T12:27:40","slug":"rukis-rotalnieks","status":"publish","type":"page","link":"https:\/\/rukitisrezekne.lv\/?page_id=596","title":{"rendered":"R\u016b\u0137is rota\u013cnieks"},"content":{"rendered":"<style>.kb-row-layout-id596_8b877c-1d > .kt-row-column-wrap{align-content:start;}:where(.kb-row-layout-id596_8b877c-1d > .kt-row-column-wrap) > .wp-block-kadence-column{justify-content:start;}.kb-row-layout-id596_8b877c-1d > .kt-row-column-wrap{column-gap:var(--global-kb-gap-md, 2rem);row-gap:var(--global-kb-gap-md, 2rem);max-width:var( --global-content-width, 1290px );padding-left:var(--global-content-edge-padding);padding-right:var(--global-content-edge-padding);padding-top:150px;padding-bottom:150px;grid-template-columns:minmax(0, 1fr);}.kb-row-layout-id596_8b877c-1d{background-image:url('http:\/\/rukitisrezekne.lv\/wp-content\/uploads\/2021\/10\/header-min-scaled-e1633976950613.jpeg');background-size:cover;background-position:46% 31%;background-attachment:scroll;background-repeat:no-repeat;}.kb-row-layout-id596_8b877c-1d > .kt-row-layout-overlay{opacity:0.30;background-color:var(--global-palette3, #1A202C);}.kb-row-layout-id596_8b877c-1d .kt-row-layout-bottom-sep{height:100px;}.kb-row-layout-id596_8b877c-1d .kt-row-layout-bottom-sep svg{width:100%;}.kb-row-layout-id596_8b877c-1d .kt-row-layout-bottom-sep svg{fill:#ffffff!important;}@media all and (max-width: 1024px){.kb-row-layout-id596_8b877c-1d > .kt-row-column-wrap{grid-template-columns:minmax(0, 1fr);}}@media all and (max-width: 1024px){.kb-row-layout-id596_8b877c-1d .kt-row-layout-bottom-sep{height:px;}}@media all and (max-width: 1024px){.kb-row-layout-id596_8b877c-1d .kt-row-layout-bottom-sep svg{width:%;}}@media all and (max-width: 767px){.kb-row-layout-id596_8b877c-1d > .kt-row-column-wrap{grid-template-columns:minmax(0, 1fr);}.kb-row-layout-id596_8b877c-1d .kt-row-layout-bottom-sep{height:px;}.kb-row-layout-id596_8b877c-1d .kt-row-layout-bottom-sep svg{width:%;}}<\/style><div class=\"kb-row-layout-wrap kb-row-layout-id596_8b877c-1d alignnone kt-row-has-bg wp-block-kadence-rowlayout\"><div class=\"kt-row-layout-overlay kt-row-overlay-normal\"><\/div><div class=\"kt-row-layout-bottom-sep kt-row-sep-type-waves\"><svg viewBox=\"0 0 1000 100\" preserveAspectRatio=\"none\"><path d=\"M1000,40c0,0 -120.077,-38.076 -250,-38c-129.923,0.076 -345.105,78 -500,78c-154.895,0 -250,-30 -250,-30l0,50l1000,0l0,-60Z\" \/><path d=\"M1000,40c0,0 -120.077,-38.076 -250,-38c-129.923,0.076 -345.105,73 -500,73c-154.895,0 -250,-45 -250,-45l0,70l1000,0l0,-60Z\" style=\"opacity: 0.4\" \/><path d=\"M1000,40c0,0 -120.077,-38.076 -250,-38c-129.923,0.076 -345.105,68 -500,68c-154.895,0 -250,-65 -250,-65l0,95l1000,0l0,-60Z\" style=\"opacity: 0.4\" \/><\/svg><\/div><div class=\"kt-row-column-wrap kt-has-1-columns kt-row-layout-equal kt-tab-layout-inherit kt-mobile-layout-row kt-row-valign-top kb-theme-content-width\">\n<style>.kadence-column596_c03dba-df > .kt-inside-inner-col,.kadence-column596_c03dba-df > .kt-inside-inner-col:before{border-top-left-radius:0px;border-top-right-radius:0px;border-bottom-right-radius:0px;border-bottom-left-radius:0px;}.kadence-column596_c03dba-df > .kt-inside-inner-col{column-gap:var(--global-kb-gap-sm, 1rem);}.kadence-column596_c03dba-df > .kt-inside-inner-col{flex-direction:column;}.kadence-column596_c03dba-df > .kt-inside-inner-col > .aligncenter{width:100%;}.kadence-column596_c03dba-df > .kt-inside-inner-col:before{opacity:0.3;}.kadence-column596_c03dba-df{position:relative;}@media all and (max-width: 1024px){.kadence-column596_c03dba-df > .kt-inside-inner-col{flex-direction:column;}}@media all and (max-width: 767px){.kadence-column596_c03dba-df > .kt-inside-inner-col{flex-direction:column;}}<\/style>\n<div class=\"wp-block-kadence-column kadence-column596_c03dba-df inner-column-1\"><div class=\"kt-inside-inner-col\"><style>.wp-block-kadence-advancedheading.kt-adv-heading596_3c4762-bd, .wp-block-kadence-advancedheading.kt-adv-heading596_3c4762-bd[data-kb-block=\"kb-adv-heading596_3c4762-bd\"]{padding-top:100px;padding-bottom:100px;text-align:center;font-weight:400;font-style:normal;font-family:Rowdies;color:#ffffff;text-shadow:1px 1px 10px var(--global-palette3, #1A202C);}.wp-block-kadence-advancedheading.kt-adv-heading596_3c4762-bd mark, .wp-block-kadence-advancedheading.kt-adv-heading596_3c4762-bd[data-kb-block=\"kb-adv-heading596_3c4762-bd\"] mark{font-style:normal;color:#f76a0c;padding-top:0px;padding-right:0px;padding-bottom:0px;padding-left:0px;}<\/style>\n<h1 class=\"kt-adv-heading596_3c4762-bd wp-block-kadence-advancedheading\" data-kb-block=\"kb-adv-heading596_3c4762-bd\">R\u016b\u0137is rota\u013cnieks<\/h1>\n<\/div><\/div>\n\n<\/div><\/div>\n\n<style>.kb-row-layout-id596_9709ef-b3 > .kt-row-column-wrap{align-content:center;}:where(.kb-row-layout-id596_9709ef-b3 > .kt-row-column-wrap) > .wp-block-kadence-column{justify-content:center;}.kb-row-layout-id596_9709ef-b3 > .kt-row-column-wrap{column-gap:80px;row-gap:var(--global-kb-gap-md, 2rem);max-width:var( --global-content-width, 1290px );padding-left:var(--global-content-edge-padding);padding-right:var(--global-content-edge-padding);padding-top:80px;padding-bottom:80px;grid-template-columns:minmax(0, 1fr);}.kb-row-layout-id596_9709ef-b3 > .kt-row-layout-overlay{opacity:0.30;}@media all and (max-width: 1024px){.kb-row-layout-id596_9709ef-b3 > .kt-row-column-wrap{grid-template-columns:minmax(0, 1fr);}}@media all and (max-width: 767px){.kb-row-layout-id596_9709ef-b3 > .kt-row-column-wrap{grid-template-columns:minmax(0, 1fr);}}.kb-row-layout-id596_9709ef-b3 .rounded-corners {border-radius: 70px;}<\/style><div class=\"kb-row-layout-wrap kb-row-layout-id596_9709ef-b3 alignnone wp-block-kadence-rowlayout\"><div class=\"kt-row-column-wrap kt-has-1-columns kt-row-layout-equal kt-tab-layout-inherit kt-mobile-layout-row kt-row-valign-middle kb-theme-content-width\">\n<style>.kadence-column596_9c00d8-80 > .kt-inside-inner-col,.kadence-column596_9c00d8-80 > .kt-inside-inner-col:before{border-top-left-radius:0px;border-top-right-radius:0px;border-bottom-right-radius:0px;border-bottom-left-radius:0px;}.kadence-column596_9c00d8-80 > .kt-inside-inner-col{column-gap:var(--global-kb-gap-sm, 1rem);}.kadence-column596_9c00d8-80 > .kt-inside-inner-col{flex-direction:column;}.kadence-column596_9c00d8-80 > .kt-inside-inner-col > .aligncenter{width:100%;}.kadence-column596_9c00d8-80 > .kt-inside-inner-col:before{opacity:0.3;}.kadence-column596_9c00d8-80{position:relative;}@media all and (max-width: 1024px){.kadence-column596_9c00d8-80 > .kt-inside-inner-col{flex-direction:column;}}@media all and (max-width: 767px){.kadence-column596_9c00d8-80 > .kt-inside-inner-col{flex-direction:column;}}<\/style>\n<div class=\"wp-block-kadence-column kadence-column596_9c00d8-80 inner-column-1\"><div class=\"kt-inside-inner-col\"><style>.wp-block-kadence-advancedheading.kt-adv-heading596_0bc9b8-4d, .wp-block-kadence-advancedheading.kt-adv-heading596_0bc9b8-4d[data-kb-block=\"kb-adv-heading596_0bc9b8-4d\"]{font-weight:400;font-style:normal;font-family:Rowdies;}.wp-block-kadence-advancedheading.kt-adv-heading596_0bc9b8-4d mark, .wp-block-kadence-advancedheading.kt-adv-heading596_0bc9b8-4d[data-kb-block=\"kb-adv-heading596_0bc9b8-4d\"] mark{font-style:normal;color:#f76a0c;padding-top:0px;padding-right:0px;padding-bottom:0px;padding-left:0px;}<\/style>\n<h2 class=\"kt-adv-heading596_0bc9b8-4d wp-block-kadence-advancedheading has-theme-palette-4-color has-text-color\" data-kb-block=\"kb-adv-heading596_0bc9b8-4d\"><strong>R\u016b\u0137is rota\u013cnieks<\/strong><\/h2>\n\n\n<style>.wp-block-kadence-advancedheading.kt-adv-heading596_fc4bc2-16, .wp-block-kadence-advancedheading.kt-adv-heading596_fc4bc2-16[data-kb-block=\"kb-adv-heading596_fc4bc2-16\"]{font-weight:300;font-style:normal;}.wp-block-kadence-advancedheading.kt-adv-heading596_fc4bc2-16 mark, .wp-block-kadence-advancedheading.kt-adv-heading596_fc4bc2-16[data-kb-block=\"kb-adv-heading596_fc4bc2-16\"] mark{font-style:normal;color:#f76a0c;padding-top:0px;padding-right:0px;padding-bottom:0px;padding-left:0px;}<\/style>\n<p class=\"kt-adv-heading596_fc4bc2-16 wp-block-kadence-advancedheading has-theme-palette-4-color has-text-color\" data-kb-block=\"kb-adv-heading596_fc4bc2-16\">2024.\/2025.m\u0101c\u012bbu gada grupas skolot\u0101jas Krist\u012bne Diravkina, Nat\u0101lija Lavrenova,  skolot\u0101jas pal\u012bgs Ilga U\u013cj\u0101ne<\/p>\n<\/div><\/div>\n\n<\/div><\/div>\n\n<style>.kb-row-layout-id596_64f7a1-df > .kt-row-column-wrap{align-content:start;}:where(.kb-row-layout-id596_64f7a1-df > .kt-row-column-wrap) > .wp-block-kadence-column{justify-content:start;}.kb-row-layout-id596_64f7a1-df > .kt-row-column-wrap{column-gap:var(--global-kb-gap-md, 2rem);row-gap:var(--global-kb-gap-md, 2rem);max-width:700px;margin-left:auto;margin-right:auto;padding-top:125px;padding-bottom:25px;grid-template-columns:minmax(0, 1fr);}.kb-row-layout-id596_64f7a1-df > .kt-row-layout-overlay{opacity:0.30;}.kb-row-layout-id596_64f7a1-df .kt-row-layout-bottom-sep{height:100px;}.kb-row-layout-id596_64f7a1-df .kt-row-layout-bottom-sep svg{width:100%;}.kb-row-layout-id596_64f7a1-df .kt-row-layout-bottom-sep svg{fill:#ffffff!important;}.kb-row-layout-id596_64f7a1-df .kt-row-layout-top-sep{height:100px;}.kb-row-layout-id596_64f7a1-df .kt-row-layout-top-sep svg{fill:#ffffff!important;}@media all and (max-width: 1024px){.kb-row-layout-id596_64f7a1-df > .kt-row-column-wrap{grid-template-columns:minmax(0, 1fr);}}@media all and (max-width: 1024px){.kb-row-layout-id596_64f7a1-df .kt-row-layout-bottom-sep{height:px;}}@media all and (max-width: 1024px){.kb-row-layout-id596_64f7a1-df .kt-row-layout-bottom-sep svg{width:%;}}@media all and (max-width: 767px){.kb-row-layout-id596_64f7a1-df > .kt-row-column-wrap{grid-template-columns:minmax(0, 1fr);}.kb-row-layout-id596_64f7a1-df .kt-row-layout-bottom-sep{height:px;}.kb-row-layout-id596_64f7a1-df .kt-row-layout-bottom-sep svg{width:%;}}<\/style><div class=\"kb-row-layout-wrap kb-row-layout-id596_64f7a1-df alignnone has-theme-palette1-background-color kt-row-has-bg wp-block-kadence-rowlayout\"><div class=\"kt-row-layout-top-sep kt-row-sep-type-waves\"><svg viewBox=\"0 0 1000 100\" preserveAspectRatio=\"none\"><path d=\"M1000,40c0,0 -120.077,-38.076 -250,-38c-129.923,0.076 -345.105,78 -500,78c-154.895,0 -250,-30 -250,-30l0,50l1000,0l0,-60Z\" \/><path d=\"M1000,40c0,0 -120.077,-38.076 -250,-38c-129.923,0.076 -345.105,73 -500,73c-154.895,0 -250,-45 -250,-45l0,70l1000,0l0,-60Z\" style=\"opacity: 0.4\" \/><path d=\"M1000,40c0,0 -120.077,-38.076 -250,-38c-129.923,0.076 -345.105,68 -500,68c-154.895,0 -250,-65 -250,-65l0,95l1000,0l0,-60Z\" style=\"opacity: 0.4\" \/><\/svg><\/div><div class=\"kt-row-column-wrap kt-has-1-columns kt-row-layout-equal kt-tab-layout-inherit kt-mobile-layout-row kt-row-valign-top\">\n<style>.kadence-column596_7ae462-e7 > .kt-inside-inner-col,.kadence-column596_7ae462-e7 > .kt-inside-inner-col:before{border-top-left-radius:0px;border-top-right-radius:0px;border-bottom-right-radius:0px;border-bottom-left-radius:0px;}.kadence-column596_7ae462-e7 > .kt-inside-inner-col{column-gap:var(--global-kb-gap-sm, 1rem);}.kadence-column596_7ae462-e7 > .kt-inside-inner-col{flex-direction:column;}.kadence-column596_7ae462-e7 > .kt-inside-inner-col > .aligncenter{width:100%;}.kadence-column596_7ae462-e7 > .kt-inside-inner-col:before{opacity:0.3;}.kadence-column596_7ae462-e7{position:relative;}@media all and (max-width: 1024px){.kadence-column596_7ae462-e7 > .kt-inside-inner-col{flex-direction:column;}}@media all and (max-width: 767px){.kadence-column596_7ae462-e7 > .kt-inside-inner-col{flex-direction:column;}}<\/style>\n<div class=\"wp-block-kadence-column kadence-column596_7ae462-e7\"><div class=\"kt-inside-inner-col\"><\/div><\/div>\n\n<\/div><\/div>\n\n<style>.kb-row-layout-id596_986f2f-c3 > .kt-row-column-wrap{align-content:start;}:where(.kb-row-layout-id596_986f2f-c3 > .kt-row-column-wrap) > .wp-block-kadence-column{justify-content:start;}.kb-row-layout-id596_986f2f-c3 > .kt-row-column-wrap{column-gap:var(--global-kb-gap-md, 2rem);row-gap:var(--global-kb-gap-md, 2rem);max-width:var( --global-content-width, 1290px );padding-left:var(--global-content-edge-padding);padding-right:var(--global-content-edge-padding);padding-top:50px;padding-bottom:175px;grid-template-columns:minmax(0, 1fr);}.kb-row-layout-id596_986f2f-c3 > .kt-row-layout-overlay{opacity:0.00;}.kb-row-layout-id596_986f2f-c3 .kt-row-layout-bottom-sep{height:100px;}.kb-row-layout-id596_986f2f-c3 .kt-row-layout-bottom-sep svg{width:100%;}.kb-row-layout-id596_986f2f-c3 .kt-row-layout-bottom-sep svg{fill:var(--global-palette9, #ffffff)!important;}@media all and (max-width: 1024px){.kb-row-layout-id596_986f2f-c3 > .kt-row-column-wrap{grid-template-columns:minmax(0, 1fr);}}@media all and (max-width: 1024px){.kb-row-layout-id596_986f2f-c3 .kt-row-layout-bottom-sep{height:px;}}@media all and (max-width: 1024px){.kb-row-layout-id596_986f2f-c3 .kt-row-layout-bottom-sep svg{width:%;}}@media all and (max-width: 767px){.kb-row-layout-id596_986f2f-c3 > .kt-row-column-wrap{grid-template-columns:minmax(0, 1fr);}.kb-row-layout-id596_986f2f-c3 .kt-row-layout-bottom-sep{height:px;}.kb-row-layout-id596_986f2f-c3 .kt-row-layout-bottom-sep svg{width:%;}}.kb-row-layout-id596_986f2f-c3<\/style><div class=\"kb-row-layout-wrap kb-row-layout-id596_986f2f-c3 alignnone has-theme-palette1-background-color kt-row-has-bg wp-block-kadence-rowlayout\"><div class=\"kt-row-column-wrap kt-has-1-columns kt-row-layout-equal kt-tab-layout-inherit kt-mobile-layout-row kt-row-valign-top kt-inner-column-height-full kb-theme-content-width\">\n<style>.kadence-column596_5a70a8-11 > .kt-inside-inner-col,.kadence-column596_5a70a8-11 > .kt-inside-inner-col:before{border-top-left-radius:0px;border-top-right-radius:0px;border-bottom-right-radius:0px;border-bottom-left-radius:0px;}.kadence-column596_5a70a8-11 > .kt-inside-inner-col{column-gap:var(--global-kb-gap-sm, 1rem);}.kadence-column596_5a70a8-11 > .kt-inside-inner-col{flex-direction:column;}.kadence-column596_5a70a8-11 > .kt-inside-inner-col > .aligncenter{width:100%;}.kadence-column596_5a70a8-11 > .kt-inside-inner-col:before{opacity:0.3;}.kadence-column596_5a70a8-11{position:relative;}@media all and (max-width: 1024px){.kadence-column596_5a70a8-11 > .kt-inside-inner-col{flex-direction:column;}}@media all and (max-width: 767px){.kadence-column596_5a70a8-11 > .kt-inside-inner-col{flex-direction:column;}}<\/style>\n<div class=\"wp-block-kadence-column kadence-column596_5a70a8-11\"><div class=\"kt-inside-inner-col\"><div class=\"wp-block-kadence-posts kb-posts kb-posts-id-596_50d142-83 content-wrap grid-cols kb-posts-style-boxed grid-sm-col-2 grid-lg-col-3 item-image-style-above\"><article class=\"entry content-bg loop-entry post-1742 post type-post status-publish format-standard has-post-thumbnail hentry category-rukis-rotalnieks\">\n\t\t\t<a class=\"post-thumbnail kadence-thumbnail-ratio-2-3\" href=\"https:\/\/rukitisrezekne.lv\/?p=1742\">\n\t\t\t<div class=\"post-thumbnail-inner\">\n\t\t\t\t<img loading=\"lazy\" decoding=\"async\" width=\"768\" height=\"432\" src=\"https:\/\/rukitisrezekne.lv\/wp-content\/uploads\/2025\/02\/WhatsApp-Image-2025-02-04-at-16.16.58-768x432.jpeg\" class=\"attachment-medium_large size-medium_large wp-post-image\" alt=\"Ziemas prieki\" srcset=\"https:\/\/rukitisrezekne.lv\/wp-content\/uploads\/2025\/02\/WhatsApp-Image-2025-02-04-at-16.16.58-768x432.jpeg 768w, https:\/\/rukitisrezekne.lv\/wp-content\/uploads\/2025\/02\/WhatsApp-Image-2025-02-04-at-16.16.58-300x169.jpeg 300w, https:\/\/rukitisrezekne.lv\/wp-content\/uploads\/2025\/02\/WhatsApp-Image-2025-02-04-at-16.16.58-1024x576.jpeg 1024w, https:\/\/rukitisrezekne.lv\/wp-content\/uploads\/2025\/02\/WhatsApp-Image-2025-02-04-at-16.16.58-1536x864.jpeg 1536w, https:\/\/rukitisrezekne.lv\/wp-content\/uploads\/2025\/02\/WhatsApp-Image-2025-02-04-at-16.16.58.jpeg 2000w\" sizes=\"auto, (max-width: 768px) 100vw, 768px\" \/>\t\t\t<\/div>\n\t\t<\/a><!-- .post-thumbnail -->\n\t\t\t<div class=\"entry-content-wrap\">\n\t\t<header class=\"entry-header\">\n\t<h2 class=\"entry-title\"><a href=\"https:\/\/rukitisrezekne.lv\/?p=1742\" rel=\"bookmark\">Ziemas prieki<\/a><\/h2><\/header><!-- .entry-header -->\n\t<div class=\"entry-summary\">\n\t\t\t<\/div><!-- .entry-summary -->\n\t<footer class=\"entry-footer\">\n\t\t\t<div class=\"entry-actions\">\n\t\t\t<p class=\"more-link-wrap\">\n\t\t\t\t<a href=\"https:\/\/rukitisrezekne.lv\/?p=1742\" class=\"post-more-link\">\n\t\t\t\t\tLas\u012bt vair\u0101k<span class=\"screen-reader-text\"> Ziemas prieki<\/span><span class=\"kadence-svg-iconset svg-baseline\"><svg aria-hidden=\"true\" class=\"kadence-svg-icon kadence-arrow-right-alt-svg\" fill=\"currentColor\" version=\"1.1\" xmlns=\"http:\/\/www.w3.org\/2000\/svg\" width=\"27\" height=\"28\" viewBox=\"0 0 27 28\"><title>Continue<\/title><path d=\"M27 13.953c0 0.141-0.063 0.281-0.156 0.375l-6 5.531c-0.156 0.141-0.359 0.172-0.547 0.094-0.172-0.078-0.297-0.25-0.297-0.453v-3.5h-19.5c-0.281 0-0.5-0.219-0.5-0.5v-3c0-0.281 0.219-0.5 0.5-0.5h19.5v-3.5c0-0.203 0.109-0.375 0.297-0.453s0.391-0.047 0.547 0.078l6 5.469c0.094 0.094 0.156 0.219 0.156 0.359v0z\"><\/path>\n\t\t\t<\/svg><\/span>\t\t\t\t<\/a>\n\t\t\t<\/p>\n\t\t<\/div><!-- .entry-actions -->\n\t\t<\/footer><!-- .entry-footer -->\t<\/div>\n<\/article>\n<\/div><\/div><\/div>\n\n<\/div><\/div>","protected":false},"excerpt":{"rendered":"<p>R\u016b\u0137is rota\u013cnieks R\u016b\u0137is rota\u013cnieks 2024.\/2025.m\u0101c\u012bbu gada grupas skolot\u0101jas Krist\u012bne Diravkina, Nat\u0101lija Lavrenova, skolot\u0101jas pal\u012bgs Ilga U\u013cj\u0101ne<\/p>\n","protected":false},"author":1,"featured_media":0,"parent":0,"menu_order":0,"comment_status":"closed","ping_status":"closed","template":"","meta":{"_kadence_starter_templates_imported_post":true,"_kad_post_transparent":"enable","_kad_post_title":"hide","_kad_post_layout":"fullwidth","_kad_post_sidebar_id":"","_kad_post_content_style":"unboxed","_kad_post_vertical_padding":"","_kad_post_feature":"","_kad_post_feature_position":"","_kad_post_header":false,"_kad_post_footer":false,"footnotes":""},"class_list":["post-596","page","type-page","status-publish","hentry"],"_links":{"self":[{"href":"https:\/\/rukitisrezekne.lv\/index.php?rest_route=\/wp\/v2\/pages\/596","targetHints":{"allow":["GET"]}}],"collection":[{"href":"https:\/\/rukitisrezekne.lv\/index.php?rest_route=\/wp\/v2\/pages"}],"about":[{"href":"https:\/\/rukitisrezekne.lv\/index.php?rest_route=\/wp\/v2\/types\/page"}],"author":[{"embeddable":true,"href":"https:\/\/rukitisrezekne.lv\/index.php?rest_route=\/wp\/v2\/users\/1"}],"replies":[{"embeddable":true,"href":"https:\/\/rukitisrezekne.lv\/index.php?rest_route=%2Fwp%2Fv2%2Fcomments&post=596"}],"version-history":[{"count":4,"href":"https:\/\/rukitisrezekne.lv\/index.php?rest_route=\/wp\/v2\/pages\/596\/revisions"}],"predecessor-version":[{"id":1565,"href":"https:\/\/rukitisrezekne.lv\/index.php?rest_route=\/wp\/v2\/pages\/596\/revisions\/1565"}],"wp:attachment":[{"href":"https:\/\/rukitisrezekne.lv\/index.php?rest_route=%2Fwp%2Fv2%2Fmedia&parent=596"}],"curies":[{"name":"wp","href":"https:\/\/api.w.org\/{rel}","templated":true}]}}