{"id":560,"date":"2023-08-24T09:34:44","date_gmt":"2023-08-24T09:34:44","guid":{"rendered":"http:\/\/rukitisrezekne.lv\/?page_id=560"},"modified":"2023-09-25T06:44:26","modified_gmt":"2023-09-25T06:44:26","slug":"aktivitates","status":"publish","type":"page","link":"https:\/\/rukitisrezekne.lv\/?page_id=560","title":{"rendered":"Aktivit\u0101tes"},"content":{"rendered":"<style>.kb-row-layout-id560_d8a760-80 > .kt-row-column-wrap{align-content:start;}:where(.kb-row-layout-id560_d8a760-80 > .kt-row-column-wrap) > .wp-block-kadence-column{justify-content:start;}.kb-row-layout-id560_d8a760-80 > .kt-row-column-wrap{column-gap:var(--global-kb-gap-md, 2rem);row-gap:var(--global-kb-gap-md, 2rem);max-width:var( --global-content-width, 1290px );padding-left:var(--global-content-edge-padding);padding-right:var(--global-content-edge-padding);padding-top:150px;padding-bottom:150px;grid-template-columns:minmax(0, 1fr);}.kb-row-layout-id560_d8a760-80{background-image:url('http:\/\/rukitisrezekne.lv\/wp-content\/uploads\/2023\/08\/20230308_100259-scaled.jpg');background-size:cover;background-position:48% 47%;background-attachment:scroll;background-repeat:no-repeat;}.kb-row-layout-id560_d8a760-80 > .kt-row-layout-overlay{opacity:0.30;background-color:var(--global-palette3, #1A202C);}.kb-row-layout-id560_d8a760-80 .kt-row-layout-bottom-sep{height:100px;}.kb-row-layout-id560_d8a760-80 .kt-row-layout-bottom-sep svg{width:100%;}.kb-row-layout-id560_d8a760-80 .kt-row-layout-bottom-sep svg{fill:#ffffff!important;}@media all and (max-width: 1024px){.kb-row-layout-id560_d8a760-80 > .kt-row-column-wrap{grid-template-columns:minmax(0, 1fr);}}@media all and (max-width: 1024px){.kb-row-layout-id560_d8a760-80 .kt-row-layout-bottom-sep{height:px;}}@media all and (max-width: 1024px){.kb-row-layout-id560_d8a760-80 .kt-row-layout-bottom-sep svg{width:%;}}@media all and (max-width: 767px){.kb-row-layout-id560_d8a760-80 > .kt-row-column-wrap{grid-template-columns:minmax(0, 1fr);}.kb-row-layout-id560_d8a760-80 .kt-row-layout-bottom-sep{height:px;}.kb-row-layout-id560_d8a760-80 .kt-row-layout-bottom-sep svg{width:%;}}<\/style><div class=\"kb-row-layout-wrap kb-row-layout-id560_d8a760-80 alignnone kt-row-has-bg wp-block-kadence-rowlayout\"><div class=\"kt-row-layout-overlay kt-row-overlay-normal\"><\/div><div class=\"kt-row-layout-bottom-sep kt-row-sep-type-waves\"><svg viewBox=\"0 0 1000 100\" preserveAspectRatio=\"none\"><path d=\"M1000,40c0,0 -120.077,-38.076 -250,-38c-129.923,0.076 -345.105,78 -500,78c-154.895,0 -250,-30 -250,-30l0,50l1000,0l0,-60Z\" \/><path d=\"M1000,40c0,0 -120.077,-38.076 -250,-38c-129.923,0.076 -345.105,73 -500,73c-154.895,0 -250,-45 -250,-45l0,70l1000,0l0,-60Z\" style=\"opacity: 0.4\" \/><path d=\"M1000,40c0,0 -120.077,-38.076 -250,-38c-129.923,0.076 -345.105,68 -500,68c-154.895,0 -250,-65 -250,-65l0,95l1000,0l0,-60Z\" style=\"opacity: 0.4\" \/><\/svg><\/div><div class=\"kt-row-column-wrap kt-has-1-columns kt-row-layout-equal kt-tab-layout-inherit kt-mobile-layout-row kt-row-valign-top kb-theme-content-width\">\n<style>.kadence-column560_3dd46d-91 > .kt-inside-inner-col,.kadence-column560_3dd46d-91 > .kt-inside-inner-col:before{border-top-left-radius:0px;border-top-right-radius:0px;border-bottom-right-radius:0px;border-bottom-left-radius:0px;}.kadence-column560_3dd46d-91 > .kt-inside-inner-col{column-gap:var(--global-kb-gap-sm, 1rem);}.kadence-column560_3dd46d-91 > .kt-inside-inner-col{flex-direction:column;}.kadence-column560_3dd46d-91 > .kt-inside-inner-col > .aligncenter{width:100%;}.kadence-column560_3dd46d-91 > .kt-inside-inner-col:before{opacity:0.3;}.kadence-column560_3dd46d-91{position:relative;}@media all and (max-width: 1024px){.kadence-column560_3dd46d-91 > .kt-inside-inner-col{flex-direction:column;}}@media all and (max-width: 767px){.kadence-column560_3dd46d-91 > .kt-inside-inner-col{flex-direction:column;}}<\/style>\n<div class=\"wp-block-kadence-column kadence-column560_3dd46d-91 inner-column-1\"><div class=\"kt-inside-inner-col\"><style>.wp-block-kadence-advancedheading.kt-adv-heading560_6ba734-b8, .wp-block-kadence-advancedheading.kt-adv-heading560_6ba734-b8[data-kb-block=\"kb-adv-heading560_6ba734-b8\"]{padding-top:100px;padding-bottom:100px;text-align:center;font-weight:400;font-style:normal;font-family:Rowdies;color:#ffffff;text-shadow:1px 1px 10px var(--global-palette3, #1A202C);}.wp-block-kadence-advancedheading.kt-adv-heading560_6ba734-b8 mark, .wp-block-kadence-advancedheading.kt-adv-heading560_6ba734-b8[data-kb-block=\"kb-adv-heading560_6ba734-b8\"] mark{font-style:normal;color:#f76a0c;padding-top:0px;padding-right:0px;padding-bottom:0px;padding-left:0px;}<\/style>\n<h1 class=\"kt-adv-heading560_6ba734-b8 wp-block-kadence-advancedheading\" data-kb-block=\"kb-adv-heading560_6ba734-b8\">Aktivit\u0101tes<\/h1>\n<\/div><\/div>\n\n<\/div><\/div>\n\n<style>.kb-row-layout-id560_bcd39c-1a > .kt-row-column-wrap{align-content:center;}:where(.kb-row-layout-id560_bcd39c-1a > .kt-row-column-wrap) > .wp-block-kadence-column{justify-content:center;}.kb-row-layout-id560_bcd39c-1a > .kt-row-column-wrap{column-gap:80px;row-gap:var(--global-kb-gap-md, 2rem);max-width:var( --global-content-width, 1290px );padding-left:var(--global-content-edge-padding);padding-right:var(--global-content-edge-padding);padding-top:80px;padding-bottom:80px;grid-template-columns:minmax(0, 1fr);}.kb-row-layout-id560_bcd39c-1a > .kt-row-layout-overlay{opacity:0.30;}@media all and (max-width: 1024px){.kb-row-layout-id560_bcd39c-1a > .kt-row-column-wrap{grid-template-columns:minmax(0, 1fr);}}@media all and (max-width: 767px){.kb-row-layout-id560_bcd39c-1a > .kt-row-column-wrap{grid-template-columns:minmax(0, 1fr);}}.kb-row-layout-id560_bcd39c-1a .rounded-corners {border-radius: 70px;}<\/style><div class=\"kb-row-layout-wrap kb-row-layout-id560_bcd39c-1a alignnone wp-block-kadence-rowlayout\"><div class=\"kt-row-column-wrap kt-has-1-columns kt-row-layout-equal kt-tab-layout-inherit kt-mobile-layout-row kt-row-valign-middle kb-theme-content-width\">\n<style>.kadence-column560_3f618e-1f > .kt-inside-inner-col,.kadence-column560_3f618e-1f > .kt-inside-inner-col:before{border-top-left-radius:0px;border-top-right-radius:0px;border-bottom-right-radius:0px;border-bottom-left-radius:0px;}.kadence-column560_3f618e-1f > .kt-inside-inner-col{column-gap:var(--global-kb-gap-sm, 1rem);}.kadence-column560_3f618e-1f > .kt-inside-inner-col{flex-direction:column;}.kadence-column560_3f618e-1f > .kt-inside-inner-col > .aligncenter{width:100%;}.kadence-column560_3f618e-1f > .kt-inside-inner-col:before{opacity:0.3;}.kadence-column560_3f618e-1f{position:relative;}@media all and (max-width: 1024px){.kadence-column560_3f618e-1f > .kt-inside-inner-col{flex-direction:column;}}@media all and (max-width: 767px){.kadence-column560_3f618e-1f > .kt-inside-inner-col{flex-direction:column;}}<\/style>\n<div class=\"wp-block-kadence-column kadence-column560_3f618e-1f inner-column-1\"><div class=\"kt-inside-inner-col\"><style>.wp-block-kadence-advancedheading.kt-adv-heading560_11e715-19, .wp-block-kadence-advancedheading.kt-adv-heading560_11e715-19[data-kb-block=\"kb-adv-heading560_11e715-19\"]{text-align:center;font-weight:400;font-style:normal;font-family:Rowdies;}.wp-block-kadence-advancedheading.kt-adv-heading560_11e715-19 mark, .wp-block-kadence-advancedheading.kt-adv-heading560_11e715-19[data-kb-block=\"kb-adv-heading560_11e715-19\"] mark{font-style:normal;color:#f76a0c;padding-top:0px;padding-right:0px;padding-bottom:0px;padding-left:0px;}<\/style>\n<h2 class=\"kt-adv-heading560_11e715-19 wp-block-kadence-advancedheading has-theme-palette-4-color has-text-color\" data-kb-block=\"kb-adv-heading560_11e715-19\"><strong>Pas\u0101kumu kalend\u0101rs<\/strong><\/h2>\n\n\n<style>.wp-block-kadence-advancedheading.kt-adv-heading560_40cdf3-63, .wp-block-kadence-advancedheading.kt-adv-heading560_40cdf3-63[data-kb-block=\"kb-adv-heading560_40cdf3-63\"]{text-align:center;font-weight:300;font-style:normal;}.wp-block-kadence-advancedheading.kt-adv-heading560_40cdf3-63 mark, .wp-block-kadence-advancedheading.kt-adv-heading560_40cdf3-63[data-kb-block=\"kb-adv-heading560_40cdf3-63\"] mark{font-style:normal;color:#f76a0c;padding-top:0px;padding-right:0px;padding-bottom:0px;padding-left:0px;}<\/style>\n<p class=\"kt-adv-heading560_40cdf3-63 wp-block-kadence-advancedheading has-theme-palette-4-color has-text-color\" data-kb-block=\"kb-adv-heading560_40cdf3-63\">Ar aktu\u0101lo pas\u0101kumu kalend\u0101ru varat iepaz\u012bties <a href=\"https:\/\/drive.google.com\/drive\/folders\/1-hLWPCLzKzh7nOvj7EOG444q0q7Iaf7I?usp=sharing\" target=\"_blank\" rel=\"noreferrer noopener\">\u0161eit<\/a><\/p>\n<\/div><\/div>\n\n<\/div><\/div>\n\n<style>.kb-row-layout-id560_9f659e-d6 > .kt-row-column-wrap{align-content:start;}:where(.kb-row-layout-id560_9f659e-d6 > .kt-row-column-wrap) > .wp-block-kadence-column{justify-content:start;}.kb-row-layout-id560_9f659e-d6 > .kt-row-column-wrap{column-gap:var(--global-kb-gap-md, 2rem);row-gap:var(--global-kb-gap-md, 2rem);max-width:700px;margin-left:auto;margin-right:auto;padding-top:125px;padding-bottom:25px;grid-template-columns:minmax(0, 1fr);}.kb-row-layout-id560_9f659e-d6 > .kt-row-layout-overlay{opacity:0.30;}.kb-row-layout-id560_9f659e-d6 .kt-row-layout-bottom-sep{height:100px;}.kb-row-layout-id560_9f659e-d6 .kt-row-layout-bottom-sep svg{width:100%;}.kb-row-layout-id560_9f659e-d6 .kt-row-layout-bottom-sep svg{fill:#ffffff!important;}.kb-row-layout-id560_9f659e-d6 .kt-row-layout-top-sep{height:100px;}.kb-row-layout-id560_9f659e-d6 .kt-row-layout-top-sep svg{fill:#ffffff!important;}@media all and (max-width: 1024px){.kb-row-layout-id560_9f659e-d6 > .kt-row-column-wrap{grid-template-columns:minmax(0, 1fr);}}@media all and (max-width: 1024px){.kb-row-layout-id560_9f659e-d6 .kt-row-layout-bottom-sep{height:px;}}@media all and (max-width: 1024px){.kb-row-layout-id560_9f659e-d6 .kt-row-layout-bottom-sep svg{width:%;}}@media all and (max-width: 767px){.kb-row-layout-id560_9f659e-d6 > .kt-row-column-wrap{grid-template-columns:minmax(0, 1fr);}.kb-row-layout-id560_9f659e-d6 .kt-row-layout-bottom-sep{height:px;}.kb-row-layout-id560_9f659e-d6 .kt-row-layout-bottom-sep svg{width:%;}}<\/style><div class=\"kb-row-layout-wrap kb-row-layout-id560_9f659e-d6 alignnone has-theme-palette1-background-color kt-row-has-bg wp-block-kadence-rowlayout\"><div class=\"kt-row-layout-top-sep kt-row-sep-type-waves\"><svg viewBox=\"0 0 1000 100\" preserveAspectRatio=\"none\"><path d=\"M1000,40c0,0 -120.077,-38.076 -250,-38c-129.923,0.076 -345.105,78 -500,78c-154.895,0 -250,-30 -250,-30l0,50l1000,0l0,-60Z\" \/><path d=\"M1000,40c0,0 -120.077,-38.076 -250,-38c-129.923,0.076 -345.105,73 -500,73c-154.895,0 -250,-45 -250,-45l0,70l1000,0l0,-60Z\" style=\"opacity: 0.4\" \/><path d=\"M1000,40c0,0 -120.077,-38.076 -250,-38c-129.923,0.076 -345.105,68 -500,68c-154.895,0 -250,-65 -250,-65l0,95l1000,0l0,-60Z\" style=\"opacity: 0.4\" \/><\/svg><\/div><div class=\"kt-row-column-wrap kt-has-1-columns kt-row-layout-equal kt-tab-layout-inherit kt-mobile-layout-row kt-row-valign-top\">\n<style>.kadence-column560_7a5369-af > .kt-inside-inner-col,.kadence-column560_7a5369-af > .kt-inside-inner-col:before{border-top-left-radius:0px;border-top-right-radius:0px;border-bottom-right-radius:0px;border-bottom-left-radius:0px;}.kadence-column560_7a5369-af > .kt-inside-inner-col{column-gap:var(--global-kb-gap-sm, 1rem);}.kadence-column560_7a5369-af > .kt-inside-inner-col{flex-direction:column;}.kadence-column560_7a5369-af > .kt-inside-inner-col > .aligncenter{width:100%;}.kadence-column560_7a5369-af > .kt-inside-inner-col:before{opacity:0.3;}.kadence-column560_7a5369-af{position:relative;}@media all and (max-width: 1024px){.kadence-column560_7a5369-af > .kt-inside-inner-col{flex-direction:column;}}@media all and (max-width: 767px){.kadence-column560_7a5369-af > .kt-inside-inner-col{flex-direction:column;}}<\/style>\n<div class=\"wp-block-kadence-column kadence-column560_7a5369-af\"><div class=\"kt-inside-inner-col\"><\/div><\/div>\n\n<\/div><\/div>\n\n<style>.kb-row-layout-id560_efbb00-69 > .kt-row-column-wrap{align-content:start;}:where(.kb-row-layout-id560_efbb00-69 > .kt-row-column-wrap) > .wp-block-kadence-column{justify-content:start;}.kb-row-layout-id560_efbb00-69 > .kt-row-column-wrap{column-gap:var(--global-kb-gap-md, 2rem);row-gap:var(--global-kb-gap-md, 2rem);max-width:var( --global-content-width, 1290px );padding-left:var(--global-content-edge-padding);padding-right:var(--global-content-edge-padding);padding-top:50px;padding-bottom:175px;grid-template-columns:minmax(0, 1fr);}.kb-row-layout-id560_efbb00-69 > .kt-row-layout-overlay{opacity:0.00;}.kb-row-layout-id560_efbb00-69 .kt-row-layout-bottom-sep{height:100px;}.kb-row-layout-id560_efbb00-69 .kt-row-layout-bottom-sep svg{width:100%;}.kb-row-layout-id560_efbb00-69 .kt-row-layout-bottom-sep svg{fill:var(--global-palette9, #ffffff)!important;}@media all and (max-width: 1024px){.kb-row-layout-id560_efbb00-69 > .kt-row-column-wrap{grid-template-columns:minmax(0, 1fr);}}@media all and (max-width: 1024px){.kb-row-layout-id560_efbb00-69 .kt-row-layout-bottom-sep{height:px;}}@media all and (max-width: 1024px){.kb-row-layout-id560_efbb00-69 .kt-row-layout-bottom-sep svg{width:%;}}@media all and (max-width: 767px){.kb-row-layout-id560_efbb00-69 > .kt-row-column-wrap{grid-template-columns:minmax(0, 1fr);}.kb-row-layout-id560_efbb00-69 .kt-row-layout-bottom-sep{height:px;}.kb-row-layout-id560_efbb00-69 .kt-row-layout-bottom-sep svg{width:%;}}.kb-row-layout-id560_efbb00-69<\/style><div class=\"kb-row-layout-wrap kb-row-layout-id560_efbb00-69 alignnone has-theme-palette1-background-color kt-row-has-bg wp-block-kadence-rowlayout\"><div class=\"kt-row-column-wrap kt-has-1-columns kt-row-layout-equal kt-tab-layout-inherit kt-mobile-layout-row kt-row-valign-top kt-inner-column-height-full kb-theme-content-width\">\n<style>.kadence-column560_1ad26a-e2 > .kt-inside-inner-col,.kadence-column560_1ad26a-e2 > .kt-inside-inner-col:before{border-top-left-radius:0px;border-top-right-radius:0px;border-bottom-right-radius:0px;border-bottom-left-radius:0px;}.kadence-column560_1ad26a-e2 > .kt-inside-inner-col{column-gap:var(--global-kb-gap-sm, 1rem);}.kadence-column560_1ad26a-e2 > .kt-inside-inner-col{flex-direction:column;}.kadence-column560_1ad26a-e2 > .kt-inside-inner-col > .aligncenter{width:100%;}.kadence-column560_1ad26a-e2 > .kt-inside-inner-col:before{opacity:0.3;}.kadence-column560_1ad26a-e2{position:relative;}@media all and (max-width: 1024px){.kadence-column560_1ad26a-e2 > .kt-inside-inner-col{flex-direction:column;}}@media all and (max-width: 767px){.kadence-column560_1ad26a-e2 > .kt-inside-inner-col{flex-direction:column;}}<\/style>\n<div class=\"wp-block-kadence-column kadence-column560_1ad26a-e2\"><div class=\"kt-inside-inner-col\"><div class=\"wp-block-kadence-posts kb-posts kb-posts-id-560_3a70e7-82 content-wrap grid-cols kb-posts-style-boxed grid-sm-col-2 grid-lg-col-3 item-image-style-above\"><article class=\"entry content-bg loop-entry post-1982 post type-post status-publish format-standard has-post-thumbnail hentry category-aktivitates category-aktualitates\">\n\t\t\t<a class=\"post-thumbnail kadence-thumbnail-ratio-2-3\" href=\"https:\/\/rukitisrezekne.lv\/?p=1982\">\n\t\t\t<div class=\"post-thumbnail-inner\">\n\t\t\t\t<img loading=\"lazy\" decoding=\"async\" width=\"768\" height=\"1365\" src=\"https:\/\/rukitisrezekne.lv\/wp-content\/uploads\/2026\/04\/WhatsApp-Image-2026-04-07-at-11.32.36-1-768x1365.jpeg\" class=\"attachment-medium_large size-medium_large wp-post-image\" alt=\"Dro\u0161\u012bbas eksped\u012bcija\" srcset=\"https:\/\/rukitisrezekne.lv\/wp-content\/uploads\/2026\/04\/WhatsApp-Image-2026-04-07-at-11.32.36-1-768x1365.jpeg 768w, https:\/\/rukitisrezekne.lv\/wp-content\/uploads\/2026\/04\/WhatsApp-Image-2026-04-07-at-11.32.36-1-169x300.jpeg 169w, https:\/\/rukitisrezekne.lv\/wp-content\/uploads\/2026\/04\/WhatsApp-Image-2026-04-07-at-11.32.36-1-576x1024.jpeg 576w, https:\/\/rukitisrezekne.lv\/wp-content\/uploads\/2026\/04\/WhatsApp-Image-2026-04-07-at-11.32.36-1-864x1536.jpeg 864w, https:\/\/rukitisrezekne.lv\/wp-content\/uploads\/2026\/04\/WhatsApp-Image-2026-04-07-at-11.32.36-1.jpeg 900w\" sizes=\"auto, (max-width: 768px) 100vw, 768px\" \/>\t\t\t<\/div>\n\t\t<\/a><!-- .post-thumbnail -->\n\t\t\t<div class=\"entry-content-wrap\">\n\t\t<header class=\"entry-header\">\n\t<h2 class=\"entry-title\"><a href=\"https:\/\/rukitisrezekne.lv\/?p=1982\" rel=\"bookmark\">Dro\u0161\u012bbas eksped\u012bcija<\/a><\/h2><\/header><!-- .entry-header -->\n\t<div class=\"entry-summary\">\n\t\t<p>ESF+ 4.2.2.1. \u201eSTEM un pilsonisk\u0101s\u00a0 l\u012bdzdal\u012bbas norises pla\u0161\u0101kai izgl\u012bt\u012bbas\u00a0 pieredzei un karjeras izv\u0113lei\u201d projekta ietvaros m\u016bsu izgl\u012bt\u012bbas iest\u0101d\u0113 viesoj\u0101s ciemi\u0146i&#8230;<\/p>\n\t<\/div><!-- .entry-summary -->\n\t<footer class=\"entry-footer\">\n\t\t\t<div class=\"entry-actions\">\n\t\t\t<p class=\"more-link-wrap\">\n\t\t\t\t<a href=\"https:\/\/rukitisrezekne.lv\/?p=1982\" class=\"post-more-link\">\n\t\t\t\t\tLas\u012bt vair\u0101k<span class=\"screen-reader-text\"> Dro\u0161\u012bbas eksped\u012bcija<\/span><span class=\"kadence-svg-iconset svg-baseline\"><svg aria-hidden=\"true\" class=\"kadence-svg-icon kadence-arrow-right-alt-svg\" fill=\"currentColor\" version=\"1.1\" xmlns=\"http:\/\/www.w3.org\/2000\/svg\" width=\"27\" height=\"28\" viewBox=\"0 0 27 28\"><title>Continue<\/title><path d=\"M27 13.953c0 0.141-0.063 0.281-0.156 0.375l-6 5.531c-0.156 0.141-0.359 0.172-0.547 0.094-0.172-0.078-0.297-0.25-0.297-0.453v-3.5h-19.5c-0.281 0-0.5-0.219-0.5-0.5v-3c0-0.281 0.219-0.5 0.5-0.5h19.5v-3.5c0-0.203 0.109-0.375 0.297-0.453s0.391-0.047 0.547 0.078l6 5.469c0.094 0.094 0.156 0.219 0.156 0.359v0z\"><\/path>\n\t\t\t<\/svg><\/span>\t\t\t\t<\/a>\n\t\t\t<\/p>\n\t\t<\/div><!-- .entry-actions -->\n\t\t<\/footer><!-- .entry-footer -->\t<\/div>\n<\/article>\n<article class=\"entry content-bg loop-entry post-1963 post type-post status-publish format-standard has-post-thumbnail hentry category-aktivitates category-aktualitates\">\n\t\t\t<a class=\"post-thumbnail kadence-thumbnail-ratio-2-3\" href=\"https:\/\/rukitisrezekne.lv\/?p=1963\">\n\t\t\t<div class=\"post-thumbnail-inner\">\n\t\t\t\t<img loading=\"lazy\" decoding=\"async\" width=\"768\" height=\"576\" src=\"https:\/\/rukitisrezekne.lv\/wp-content\/uploads\/2026\/04\/WhatsApp-Image-2026-04-07-at-13.49.11-768x576.jpeg\" class=\"attachment-medium_large size-medium_large wp-post-image\" alt=\"te\u0101tru ned\u0113\u013ca\" srcset=\"https:\/\/rukitisrezekne.lv\/wp-content\/uploads\/2026\/04\/WhatsApp-Image-2026-04-07-at-13.49.11-768x576.jpeg 768w, https:\/\/rukitisrezekne.lv\/wp-content\/uploads\/2026\/04\/WhatsApp-Image-2026-04-07-at-13.49.11-300x225.jpeg 300w, https:\/\/rukitisrezekne.lv\/wp-content\/uploads\/2026\/04\/WhatsApp-Image-2026-04-07-at-13.49.11-1024x768.jpeg 1024w, https:\/\/rukitisrezekne.lv\/wp-content\/uploads\/2026\/04\/WhatsApp-Image-2026-04-07-at-13.49.11-1536x1152.jpeg 1536w, https:\/\/rukitisrezekne.lv\/wp-content\/uploads\/2026\/04\/WhatsApp-Image-2026-04-07-at-13.49.11.jpeg 2000w\" sizes=\"auto, (max-width: 768px) 100vw, 768px\" \/>\t\t\t<\/div>\n\t\t<\/a><!-- .post-thumbnail -->\n\t\t\t<div class=\"entry-content-wrap\">\n\t\t<header class=\"entry-header\">\n\t<h2 class=\"entry-title\"><a href=\"https:\/\/rukitisrezekne.lv\/?p=1963\" rel=\"bookmark\">te\u0101tru ned\u0113\u013ca<\/a><\/h2><\/header><!-- .entry-header -->\n\t<div class=\"entry-summary\">\n\t\t<p>Jau daudzu gadu garum\u0101 m\u016bsu izgl\u012bt\u012bbas iest\u0101d\u0113 ir skaista trad\u012bcija r\u012bkot te\u0101tru ned\u0113\u013cu. \u0160\u012bs ned\u0113\u013cas ietvaros katra grupa iestud\u0113 k\u0101du&#8230;<\/p>\n\t<\/div><!-- .entry-summary -->\n\t<footer class=\"entry-footer\">\n\t\t\t<div class=\"entry-actions\">\n\t\t\t<p class=\"more-link-wrap\">\n\t\t\t\t<a href=\"https:\/\/rukitisrezekne.lv\/?p=1963\" class=\"post-more-link\">\n\t\t\t\t\tLas\u012bt vair\u0101k<span class=\"screen-reader-text\"> te\u0101tru ned\u0113\u013ca<\/span><span class=\"kadence-svg-iconset svg-baseline\"><svg aria-hidden=\"true\" class=\"kadence-svg-icon kadence-arrow-right-alt-svg\" fill=\"currentColor\" version=\"1.1\" xmlns=\"http:\/\/www.w3.org\/2000\/svg\" width=\"27\" height=\"28\" viewBox=\"0 0 27 28\"><title>Continue<\/title><path d=\"M27 13.953c0 0.141-0.063 0.281-0.156 0.375l-6 5.531c-0.156 0.141-0.359 0.172-0.547 0.094-0.172-0.078-0.297-0.25-0.297-0.453v-3.5h-19.5c-0.281 0-0.5-0.219-0.5-0.5v-3c0-0.281 0.219-0.5 0.5-0.5h19.5v-3.5c0-0.203 0.109-0.375 0.297-0.453s0.391-0.047 0.547 0.078l6 5.469c0.094 0.094 0.156 0.219 0.156 0.359v0z\"><\/path>\n\t\t\t<\/svg><\/span>\t\t\t\t<\/a>\n\t\t\t<\/p>\n\t\t<\/div><!-- .entry-actions -->\n\t\t<\/footer><!-- .entry-footer -->\t<\/div>\n<\/article>\n<article class=\"entry content-bg loop-entry post-1939 post type-post status-publish format-standard has-post-thumbnail hentry category-aktivitates category-aktualitates\">\n\t\t\t<a class=\"post-thumbnail kadence-thumbnail-ratio-2-3\" href=\"https:\/\/rukitisrezekne.lv\/?p=1939\">\n\t\t\t<div class=\"post-thumbnail-inner\">\n\t\t\t\t<img loading=\"lazy\" decoding=\"async\" width=\"768\" height=\"576\" src=\"https:\/\/rukitisrezekne.lv\/wp-content\/uploads\/2026\/04\/WhatsApp-Image-2026-04-07-at-13.09.12-768x576.jpeg\" class=\"attachment-medium_large size-medium_large wp-post-image\" alt=\"Sniega diena\" srcset=\"https:\/\/rukitisrezekne.lv\/wp-content\/uploads\/2026\/04\/WhatsApp-Image-2026-04-07-at-13.09.12-768x576.jpeg 768w, https:\/\/rukitisrezekne.lv\/wp-content\/uploads\/2026\/04\/WhatsApp-Image-2026-04-07-at-13.09.12-300x225.jpeg 300w, https:\/\/rukitisrezekne.lv\/wp-content\/uploads\/2026\/04\/WhatsApp-Image-2026-04-07-at-13.09.12-1024x768.jpeg 1024w, https:\/\/rukitisrezekne.lv\/wp-content\/uploads\/2026\/04\/WhatsApp-Image-2026-04-07-at-13.09.12-1536x1152.jpeg 1536w, https:\/\/rukitisrezekne.lv\/wp-content\/uploads\/2026\/04\/WhatsApp-Image-2026-04-07-at-13.09.12.jpeg 1600w\" sizes=\"auto, (max-width: 768px) 100vw, 768px\" \/>\t\t\t<\/div>\n\t\t<\/a><!-- .post-thumbnail -->\n\t\t\t<div class=\"entry-content-wrap\">\n\t\t<header class=\"entry-header\">\n\t<h2 class=\"entry-title\"><a href=\"https:\/\/rukitisrezekne.lv\/?p=1939\" rel=\"bookmark\">Sniega diena<\/a><\/h2><\/header><!-- .entry-header -->\n\t<div class=\"entry-summary\">\n\t\t<p>\u0160ogad ir \u012bsta ziema, ir daudz sniega, tur\u0101s sals un b\u0113rniem tas sag\u0101d\u0101 prieku. 25. febru\u0101r\u012b m\u016bsu izgl\u012bt\u012bbas iest\u0101d\u0113 tika&#8230;<\/p>\n\t<\/div><!-- .entry-summary -->\n\t<footer class=\"entry-footer\">\n\t\t\t<div class=\"entry-actions\">\n\t\t\t<p class=\"more-link-wrap\">\n\t\t\t\t<a href=\"https:\/\/rukitisrezekne.lv\/?p=1939\" class=\"post-more-link\">\n\t\t\t\t\tLas\u012bt vair\u0101k<span class=\"screen-reader-text\"> Sniega diena<\/span><span class=\"kadence-svg-iconset svg-baseline\"><svg aria-hidden=\"true\" class=\"kadence-svg-icon kadence-arrow-right-alt-svg\" fill=\"currentColor\" version=\"1.1\" xmlns=\"http:\/\/www.w3.org\/2000\/svg\" width=\"27\" height=\"28\" viewBox=\"0 0 27 28\"><title>Continue<\/title><path d=\"M27 13.953c0 0.141-0.063 0.281-0.156 0.375l-6 5.531c-0.156 0.141-0.359 0.172-0.547 0.094-0.172-0.078-0.297-0.25-0.297-0.453v-3.5h-19.5c-0.281 0-0.5-0.219-0.5-0.5v-3c0-0.281 0.219-0.5 0.5-0.5h19.5v-3.5c0-0.203 0.109-0.375 0.297-0.453s0.391-0.047 0.547 0.078l6 5.469c0.094 0.094 0.156 0.219 0.156 0.359v0z\"><\/path>\n\t\t\t<\/svg><\/span>\t\t\t\t<\/a>\n\t\t\t<\/p>\n\t\t<\/div><!-- .entry-actions -->\n\t\t<\/footer><!-- .entry-footer -->\t<\/div>\n<\/article>\n<\/div>\n\n<style>.wp-block-kadence-advancedbtn.kt-btns560_c9f488-90, .site .entry-content .wp-block-kadence-advancedbtn.kt-btns560_c9f488-90, .wp-block-kadence-advancedbtn.kb-btns560_c9f488-90, .site .entry-content .wp-block-kadence-advancedbtn.kb-btns560_c9f488-90{margin-top:var(--global-kb-spacing-lg, 3rem);}.wp-block-kadence-advancedbtn.kb-btns560_c9f488-90{gap:var(--global-kb-gap-xs, 0.5rem );justify-content:center;align-items:center;}.kt-btns560_c9f488-90 .kt-button{font-weight:normal;font-style:normal;}.kt-btns560_c9f488-90 .kt-btn-wrap-0{margin-right:5px;}.wp-block-kadence-advancedbtn.kt-btns560_c9f488-90 .kt-btn-wrap-0 .kt-button{color:#555555;border-color:#555555;}.wp-block-kadence-advancedbtn.kt-btns560_c9f488-90 .kt-btn-wrap-0 .kt-button:hover, .wp-block-kadence-advancedbtn.kt-btns560_c9f488-90 .kt-btn-wrap-0 .kt-button:focus{color:#ffffff;border-color:#444444;}.wp-block-kadence-advancedbtn.kt-btns560_c9f488-90 .kt-btn-wrap-0 .kt-button::before{display:none;}.wp-block-kadence-advancedbtn.kt-btns560_c9f488-90 .kt-btn-wrap-0 .kt-button:hover, .wp-block-kadence-advancedbtn.kt-btns560_c9f488-90 .kt-btn-wrap-0 .kt-button:focus{background:#444444;}<\/style>\n<div class=\"wp-block-kadence-advancedbtn kb-buttons-wrap kb-btns560_c9f488-90\"><style>ul.menu .wp-block-kadence-advancedbtn .kb-btn560_e702cc-7b.kb-button{width:initial;}.wp-block-kadence-advancedbtn .kb-btn560_e702cc-7b.kb-button{font-family:Rowdies;font-weight:400;}@media all and (max-width: 1024px){.kb-btn560_e702cc-7b.kb-button .kb-svg-icon-wrap{display:block;}}<\/style><a class=\"kb-button kt-button button kb-btn560_e702cc-7b kt-btn-size-standard kt-btn-width-type-auto kb-btn-global-fill kt-btn-has-text-true kt-btn-has-svg-false wp-block-kadence-singlebtn\" href=\"http:\/\/rukitisrezekne.lv\/visas-aktivitates\/\"><span class=\"kt-btn-inner-text\">VISAS AKTIVIT\u0100TES<\/span><\/a><\/div>\n<\/div><\/div>\n\n<\/div><\/div>","protected":false},"excerpt":{"rendered":"<p>Aktivit\u0101tes Pas\u0101kumu kalend\u0101rs Ar aktu\u0101lo pas\u0101kumu kalend\u0101ru varat iepaz\u012bties \u0161eit<\/p>\n","protected":false},"author":1,"featured_media":0,"parent":0,"menu_order":0,"comment_status":"closed","ping_status":"closed","template":"","meta":{"_kadence_starter_templates_imported_post":true,"_kad_post_transparent":"enable","_kad_post_title":"hide","_kad_post_layout":"fullwidth","_kad_post_sidebar_id":"","_kad_post_content_style":"unboxed","_kad_post_vertical_padding":"","_kad_post_feature":"","_kad_post_feature_position":"","_kad_post_header":false,"_kad_post_footer":false,"footnotes":""},"class_list":["post-560","page","type-page","status-publish","hentry"],"_links":{"self":[{"href":"https:\/\/rukitisrezekne.lv\/index.php?rest_route=\/wp\/v2\/pages\/560","targetHints":{"allow":["GET"]}}],"collection":[{"href":"https:\/\/rukitisrezekne.lv\/index.php?rest_route=\/wp\/v2\/pages"}],"about":[{"href":"https:\/\/rukitisrezekne.lv\/index.php?rest_route=\/wp\/v2\/types\/page"}],"author":[{"embeddable":true,"href":"https:\/\/rukitisrezekne.lv\/index.php?rest_route=\/wp\/v2\/users\/1"}],"replies":[{"embeddable":true,"href":"https:\/\/rukitisrezekne.lv\/index.php?rest_route=%2Fwp%2Fv2%2Fcomments&post=560"}],"version-history":[{"count":11,"href":"https:\/\/rukitisrezekne.lv\/index.php?rest_route=\/wp\/v2\/pages\/560\/revisions"}],"predecessor-version":[{"id":737,"href":"https:\/\/rukitisrezekne.lv\/index.php?rest_route=\/wp\/v2\/pages\/560\/revisions\/737"}],"wp:attachment":[{"href":"https:\/\/rukitisrezekne.lv\/index.php?rest_route=%2Fwp%2Fv2%2Fmedia&parent=560"}],"curies":[{"name":"wp","href":"https:\/\/api.w.org\/{rel}","templated":true}]}}