{"id":104,"date":"2021-09-28T15:18:35","date_gmt":"2021-09-28T15:18:35","guid":{"rendered":"https:\/\/startertemplatecloud.com\/g17\/?page_id=104"},"modified":"2024-10-11T12:41:33","modified_gmt":"2024-10-11T12:41:33","slug":"meza-rukis","status":"publish","type":"page","link":"https:\/\/rukitisrezekne.lv\/?page_id=104","title":{"rendered":"Me\u017ea r\u016b\u0137is"},"content":{"rendered":"<style>.kb-row-layout-id104_c4b4be-85 > .kt-row-column-wrap{align-content:start;}:where(.kb-row-layout-id104_c4b4be-85 > .kt-row-column-wrap) > .wp-block-kadence-column{justify-content:start;}.kb-row-layout-id104_c4b4be-85 > .kt-row-column-wrap{column-gap:var(--global-kb-gap-md, 2rem);row-gap:var(--global-kb-gap-md, 2rem);max-width:var( --global-content-width, 1290px );padding-left:var(--global-content-edge-padding);padding-right:var(--global-content-edge-padding);padding-top:150px;padding-bottom:150px;grid-template-columns:minmax(0, 1fr);}.kb-row-layout-id104_c4b4be-85{background-image:url('http:\/\/rukitisrezekne.lv\/wp-content\/uploads\/2021\/10\/header-min-scaled-e1633976950613.jpeg');background-size:cover;background-position:46% 31%;background-attachment:scroll;background-repeat:no-repeat;}.kb-row-layout-id104_c4b4be-85 > .kt-row-layout-overlay{opacity:0.30;background-color:var(--global-palette3, #1A202C);}.kb-row-layout-id104_c4b4be-85 .kt-row-layout-bottom-sep{height:100px;}.kb-row-layout-id104_c4b4be-85 .kt-row-layout-bottom-sep svg{width:100%;}.kb-row-layout-id104_c4b4be-85 .kt-row-layout-bottom-sep svg{fill:#ffffff!important;}@media all and (max-width: 1024px){.kb-row-layout-id104_c4b4be-85 > .kt-row-column-wrap{grid-template-columns:minmax(0, 1fr);}}@media all and (max-width: 1024px){.kb-row-layout-id104_c4b4be-85 .kt-row-layout-bottom-sep{height:px;}}@media all and (max-width: 1024px){.kb-row-layout-id104_c4b4be-85 .kt-row-layout-bottom-sep svg{width:%;}}@media all and (max-width: 767px){.kb-row-layout-id104_c4b4be-85 > .kt-row-column-wrap{grid-template-columns:minmax(0, 1fr);}.kb-row-layout-id104_c4b4be-85 .kt-row-layout-bottom-sep{height:px;}.kb-row-layout-id104_c4b4be-85 .kt-row-layout-bottom-sep svg{width:%;}}<\/style><div class=\"kb-row-layout-wrap kb-row-layout-id104_c4b4be-85 alignnone kt-row-has-bg wp-block-kadence-rowlayout\"><div class=\"kt-row-layout-overlay kt-row-overlay-normal\"><\/div><div class=\"kt-row-layout-bottom-sep kt-row-sep-type-waves\"><svg viewBox=\"0 0 1000 100\" preserveAspectRatio=\"none\"><path d=\"M1000,40c0,0 -120.077,-38.076 -250,-38c-129.923,0.076 -345.105,78 -500,78c-154.895,0 -250,-30 -250,-30l0,50l1000,0l0,-60Z\" \/><path d=\"M1000,40c0,0 -120.077,-38.076 -250,-38c-129.923,0.076 -345.105,73 -500,73c-154.895,0 -250,-45 -250,-45l0,70l1000,0l0,-60Z\" style=\"opacity: 0.4\" \/><path d=\"M1000,40c0,0 -120.077,-38.076 -250,-38c-129.923,0.076 -345.105,68 -500,68c-154.895,0 -250,-65 -250,-65l0,95l1000,0l0,-60Z\" style=\"opacity: 0.4\" \/><\/svg><\/div><div class=\"kt-row-column-wrap kt-has-1-columns kt-row-layout-equal kt-tab-layout-inherit kt-mobile-layout-row kt-row-valign-top kb-theme-content-width\">\n<style>.kadence-column104_c189e3-bd > .kt-inside-inner-col,.kadence-column104_c189e3-bd > .kt-inside-inner-col:before{border-top-left-radius:0px;border-top-right-radius:0px;border-bottom-right-radius:0px;border-bottom-left-radius:0px;}.kadence-column104_c189e3-bd > .kt-inside-inner-col{column-gap:var(--global-kb-gap-sm, 1rem);}.kadence-column104_c189e3-bd > .kt-inside-inner-col{flex-direction:column;}.kadence-column104_c189e3-bd > .kt-inside-inner-col > .aligncenter{width:100%;}.kadence-column104_c189e3-bd > .kt-inside-inner-col:before{opacity:0.3;}.kadence-column104_c189e3-bd{position:relative;}@media all and (max-width: 1024px){.kadence-column104_c189e3-bd > .kt-inside-inner-col{flex-direction:column;}}@media all and (max-width: 767px){.kadence-column104_c189e3-bd > .kt-inside-inner-col{flex-direction:column;}}<\/style>\n<div class=\"wp-block-kadence-column kadence-column104_c189e3-bd inner-column-1\"><div class=\"kt-inside-inner-col\"><style>.wp-block-kadence-advancedheading.kt-adv-heading104_1c2d46-1d, .wp-block-kadence-advancedheading.kt-adv-heading104_1c2d46-1d[data-kb-block=\"kb-adv-heading104_1c2d46-1d\"]{padding-top:100px;padding-bottom:100px;text-align:center;font-weight:400;font-style:normal;font-family:Rowdies;color:#ffffff;text-shadow:1px 1px 10px var(--global-palette3, #1A202C);}.wp-block-kadence-advancedheading.kt-adv-heading104_1c2d46-1d mark, .wp-block-kadence-advancedheading.kt-adv-heading104_1c2d46-1d[data-kb-block=\"kb-adv-heading104_1c2d46-1d\"] mark{font-style:normal;color:#f76a0c;padding-top:0px;padding-right:0px;padding-bottom:0px;padding-left:0px;}<\/style>\n<h1 class=\"kt-adv-heading104_1c2d46-1d wp-block-kadence-advancedheading\" data-kb-block=\"kb-adv-heading104_1c2d46-1d\">Me\u017ea r\u016b\u0137is<\/h1>\n<\/div><\/div>\n\n<\/div><\/div>\n\n<style>.kb-row-layout-id104_3b5137-6a > .kt-row-column-wrap{align-content:center;}:where(.kb-row-layout-id104_3b5137-6a > .kt-row-column-wrap) > .wp-block-kadence-column{justify-content:center;}.kb-row-layout-id104_3b5137-6a > .kt-row-column-wrap{column-gap:80px;row-gap:var(--global-kb-gap-md, 2rem);max-width:var( --global-content-width, 1290px );padding-left:var(--global-content-edge-padding);padding-right:var(--global-content-edge-padding);padding-top:80px;padding-bottom:80px;grid-template-columns:minmax(0, 1fr);}.kb-row-layout-id104_3b5137-6a > .kt-row-layout-overlay{opacity:0.30;}@media all and (max-width: 1024px){.kb-row-layout-id104_3b5137-6a > .kt-row-column-wrap{grid-template-columns:minmax(0, 1fr);}}@media all and (max-width: 767px){.kb-row-layout-id104_3b5137-6a > .kt-row-column-wrap{grid-template-columns:minmax(0, 1fr);}}.kb-row-layout-id104_3b5137-6a .rounded-corners {border-radius: 70px;}<\/style><div class=\"kb-row-layout-wrap kb-row-layout-id104_3b5137-6a alignnone wp-block-kadence-rowlayout\"><div class=\"kt-row-column-wrap kt-has-1-columns kt-row-layout-equal kt-tab-layout-inherit kt-mobile-layout-row kt-row-valign-middle kb-theme-content-width\">\n<style>.kadence-column104_9c9805-2b > .kt-inside-inner-col,.kadence-column104_9c9805-2b > .kt-inside-inner-col:before{border-top-left-radius:0px;border-top-right-radius:0px;border-bottom-right-radius:0px;border-bottom-left-radius:0px;}.kadence-column104_9c9805-2b > .kt-inside-inner-col{column-gap:var(--global-kb-gap-sm, 1rem);}.kadence-column104_9c9805-2b > .kt-inside-inner-col{flex-direction:column;}.kadence-column104_9c9805-2b > .kt-inside-inner-col > .aligncenter{width:100%;}.kadence-column104_9c9805-2b > .kt-inside-inner-col:before{opacity:0.3;}.kadence-column104_9c9805-2b{position:relative;}@media all and (max-width: 1024px){.kadence-column104_9c9805-2b > .kt-inside-inner-col{flex-direction:column;}}@media all and (max-width: 767px){.kadence-column104_9c9805-2b > .kt-inside-inner-col{flex-direction:column;}}<\/style>\n<div class=\"wp-block-kadence-column kadence-column104_9c9805-2b inner-column-1\"><div class=\"kt-inside-inner-col\"><style>.wp-block-kadence-advancedheading.kt-adv-heading104_0d164e-cc, .wp-block-kadence-advancedheading.kt-adv-heading104_0d164e-cc[data-kb-block=\"kb-adv-heading104_0d164e-cc\"]{font-weight:400;font-style:normal;font-family:Rowdies;}.wp-block-kadence-advancedheading.kt-adv-heading104_0d164e-cc mark, .wp-block-kadence-advancedheading.kt-adv-heading104_0d164e-cc[data-kb-block=\"kb-adv-heading104_0d164e-cc\"] mark{font-style:normal;color:#f76a0c;padding-top:0px;padding-right:0px;padding-bottom:0px;padding-left:0px;}<\/style>\n<h2 class=\"kt-adv-heading104_0d164e-cc wp-block-kadence-advancedheading has-theme-palette-4-color has-text-color\" data-kb-block=\"kb-adv-heading104_0d164e-cc\"><strong>Me\u017ea r\u016b\u0137is<\/strong><\/h2>\n\n\n<style>.wp-block-kadence-advancedheading.kt-adv-heading104_c4592a-7f, .wp-block-kadence-advancedheading.kt-adv-heading104_c4592a-7f[data-kb-block=\"kb-adv-heading104_c4592a-7f\"]{font-weight:300;font-style:normal;}.wp-block-kadence-advancedheading.kt-adv-heading104_c4592a-7f mark, .wp-block-kadence-advancedheading.kt-adv-heading104_c4592a-7f[data-kb-block=\"kb-adv-heading104_c4592a-7f\"] mark{font-style:normal;color:#f76a0c;padding-top:0px;padding-right:0px;padding-bottom:0px;padding-left:0px;}<\/style>\n<p class=\"kt-adv-heading104_c4592a-7f wp-block-kadence-advancedheading has-theme-palette-4-color has-text-color\" data-kb-block=\"kb-adv-heading104_c4592a-7f\">2024.\/2025. m\u0101c\u012bbu gada skolot\u0101jas Inga Magas, Ilona Ivanova, skolot\u0101ja pal\u012bgs Laura Patmalniece<\/p>\n<\/div><\/div>\n\n<\/div><\/div>\n\n<style>.kb-row-layout-id104_f55640-42 > .kt-row-column-wrap{align-content:start;}:where(.kb-row-layout-id104_f55640-42 > .kt-row-column-wrap) > .wp-block-kadence-column{justify-content:start;}.kb-row-layout-id104_f55640-42 > .kt-row-column-wrap{column-gap:var(--global-kb-gap-md, 2rem);row-gap:var(--global-kb-gap-md, 2rem);max-width:700px;margin-left:auto;margin-right:auto;padding-top:125px;padding-bottom:25px;grid-template-columns:minmax(0, 1fr);}.kb-row-layout-id104_f55640-42 > .kt-row-layout-overlay{opacity:0.30;}.kb-row-layout-id104_f55640-42 .kt-row-layout-bottom-sep{height:100px;}.kb-row-layout-id104_f55640-42 .kt-row-layout-bottom-sep svg{width:100%;}.kb-row-layout-id104_f55640-42 .kt-row-layout-bottom-sep svg{fill:#ffffff!important;}.kb-row-layout-id104_f55640-42 .kt-row-layout-top-sep{height:100px;}.kb-row-layout-id104_f55640-42 .kt-row-layout-top-sep svg{fill:#ffffff!important;}@media all and (max-width: 1024px){.kb-row-layout-id104_f55640-42 > .kt-row-column-wrap{grid-template-columns:minmax(0, 1fr);}}@media all and (max-width: 1024px){.kb-row-layout-id104_f55640-42 .kt-row-layout-bottom-sep{height:px;}}@media all and (max-width: 1024px){.kb-row-layout-id104_f55640-42 .kt-row-layout-bottom-sep svg{width:%;}}@media all and (max-width: 767px){.kb-row-layout-id104_f55640-42 > .kt-row-column-wrap{grid-template-columns:minmax(0, 1fr);}.kb-row-layout-id104_f55640-42 .kt-row-layout-bottom-sep{height:px;}.kb-row-layout-id104_f55640-42 .kt-row-layout-bottom-sep svg{width:%;}}<\/style><div class=\"kb-row-layout-wrap kb-row-layout-id104_f55640-42 alignnone has-theme-palette1-background-color kt-row-has-bg wp-block-kadence-rowlayout\"><div class=\"kt-row-layout-top-sep kt-row-sep-type-waves\"><svg viewBox=\"0 0 1000 100\" preserveAspectRatio=\"none\"><path d=\"M1000,40c0,0 -120.077,-38.076 -250,-38c-129.923,0.076 -345.105,78 -500,78c-154.895,0 -250,-30 -250,-30l0,50l1000,0l0,-60Z\" \/><path d=\"M1000,40c0,0 -120.077,-38.076 -250,-38c-129.923,0.076 -345.105,73 -500,73c-154.895,0 -250,-45 -250,-45l0,70l1000,0l0,-60Z\" style=\"opacity: 0.4\" \/><path d=\"M1000,40c0,0 -120.077,-38.076 -250,-38c-129.923,0.076 -345.105,68 -500,68c-154.895,0 -250,-65 -250,-65l0,95l1000,0l0,-60Z\" style=\"opacity: 0.4\" \/><\/svg><\/div><div class=\"kt-row-column-wrap kt-has-1-columns kt-row-layout-equal kt-tab-layout-inherit kt-mobile-layout-row kt-row-valign-top\">\n<style>.kadence-column104_98f8b4-43 > .kt-inside-inner-col,.kadence-column104_98f8b4-43 > .kt-inside-inner-col:before{border-top-left-radius:0px;border-top-right-radius:0px;border-bottom-right-radius:0px;border-bottom-left-radius:0px;}.kadence-column104_98f8b4-43 > .kt-inside-inner-col{column-gap:var(--global-kb-gap-sm, 1rem);}.kadence-column104_98f8b4-43 > .kt-inside-inner-col{flex-direction:column;}.kadence-column104_98f8b4-43 > .kt-inside-inner-col > .aligncenter{width:100%;}.kadence-column104_98f8b4-43 > .kt-inside-inner-col:before{opacity:0.3;}.kadence-column104_98f8b4-43{position:relative;}@media all and (max-width: 1024px){.kadence-column104_98f8b4-43 > .kt-inside-inner-col{flex-direction:column;}}@media all and (max-width: 767px){.kadence-column104_98f8b4-43 > .kt-inside-inner-col{flex-direction:column;}}<\/style>\n<div class=\"wp-block-kadence-column kadence-column104_98f8b4-43\"><div class=\"kt-inside-inner-col\"><\/div><\/div>\n\n<\/div><\/div>\n\n<style>.kb-row-layout-id104_fbf3b8-f8 > .kt-row-column-wrap{align-content:start;}:where(.kb-row-layout-id104_fbf3b8-f8 > .kt-row-column-wrap) > .wp-block-kadence-column{justify-content:start;}.kb-row-layout-id104_fbf3b8-f8 > .kt-row-column-wrap{column-gap:var(--global-kb-gap-md, 2rem);row-gap:var(--global-kb-gap-md, 2rem);max-width:var( --global-content-width, 1290px );padding-left:var(--global-content-edge-padding);padding-right:var(--global-content-edge-padding);padding-top:50px;padding-bottom:175px;grid-template-columns:minmax(0, 1fr);}.kb-row-layout-id104_fbf3b8-f8 > .kt-row-layout-overlay{opacity:0.00;}.kb-row-layout-id104_fbf3b8-f8 .kt-row-layout-bottom-sep{height:100px;}.kb-row-layout-id104_fbf3b8-f8 .kt-row-layout-bottom-sep svg{width:100%;}.kb-row-layout-id104_fbf3b8-f8 .kt-row-layout-bottom-sep svg{fill:var(--global-palette9, #ffffff)!important;}@media all and (max-width: 1024px){.kb-row-layout-id104_fbf3b8-f8 > .kt-row-column-wrap{grid-template-columns:minmax(0, 1fr);}}@media all and (max-width: 1024px){.kb-row-layout-id104_fbf3b8-f8 .kt-row-layout-bottom-sep{height:px;}}@media all and (max-width: 1024px){.kb-row-layout-id104_fbf3b8-f8 .kt-row-layout-bottom-sep svg{width:%;}}@media all and (max-width: 767px){.kb-row-layout-id104_fbf3b8-f8 > .kt-row-column-wrap{grid-template-columns:minmax(0, 1fr);}.kb-row-layout-id104_fbf3b8-f8 .kt-row-layout-bottom-sep{height:px;}.kb-row-layout-id104_fbf3b8-f8 .kt-row-layout-bottom-sep svg{width:%;}}.kb-row-layout-id104_fbf3b8-f8<\/style><div class=\"kb-row-layout-wrap kb-row-layout-id104_fbf3b8-f8 alignnone has-theme-palette1-background-color kt-row-has-bg wp-block-kadence-rowlayout\"><div class=\"kt-row-column-wrap kt-has-1-columns kt-row-layout-equal kt-tab-layout-inherit kt-mobile-layout-row kt-row-valign-top kt-inner-column-height-full kb-theme-content-width\">\n<style>.kadence-column104_98db3d-6c > .kt-inside-inner-col,.kadence-column104_98db3d-6c > .kt-inside-inner-col:before{border-top-left-radius:0px;border-top-right-radius:0px;border-bottom-right-radius:0px;border-bottom-left-radius:0px;}.kadence-column104_98db3d-6c > .kt-inside-inner-col{column-gap:var(--global-kb-gap-sm, 1rem);}.kadence-column104_98db3d-6c > .kt-inside-inner-col{flex-direction:column;}.kadence-column104_98db3d-6c > .kt-inside-inner-col > .aligncenter{width:100%;}.kadence-column104_98db3d-6c > .kt-inside-inner-col:before{opacity:0.3;}.kadence-column104_98db3d-6c{position:relative;}@media all and (max-width: 1024px){.kadence-column104_98db3d-6c > .kt-inside-inner-col{flex-direction:column;}}@media all and (max-width: 767px){.kadence-column104_98db3d-6c > .kt-inside-inner-col{flex-direction:column;}}<\/style>\n<div class=\"wp-block-kadence-column kadence-column104_98db3d-6c\"><div class=\"kt-inside-inner-col\"><div class=\"wp-block-kadence-posts kb-posts kb-posts-id-104_640bbb-7e content-wrap grid-cols kb-posts-style-boxed grid-sm-col-2 grid-lg-col-3 item-image-style-above\"><article class=\"entry content-bg loop-entry post-1557 post type-post status-publish format-standard has-post-thumbnail hentry category-meza-rukis\">\n\t\t\t<a class=\"post-thumbnail kadence-thumbnail-ratio-2-3\" href=\"https:\/\/rukitisrezekne.lv\/?p=1557\">\n\t\t\t<div class=\"post-thumbnail-inner\">\n\t\t\t\t<img loading=\"lazy\" decoding=\"async\" width=\"478\" height=\"850\" src=\"https:\/\/rukitisrezekne.lv\/wp-content\/uploads\/2024\/10\/WhatsApp-Image-2024-10-11-at-15.27.15.jpeg\" class=\"attachment-medium_large size-medium_large wp-post-image\" alt=\"Mi\u0137e\u013cdiena un \u0100bolu balle\" srcset=\"https:\/\/rukitisrezekne.lv\/wp-content\/uploads\/2024\/10\/WhatsApp-Image-2024-10-11-at-15.27.15.jpeg 478w, https:\/\/rukitisrezekne.lv\/wp-content\/uploads\/2024\/10\/WhatsApp-Image-2024-10-11-at-15.27.15-169x300.jpeg 169w\" sizes=\"auto, (max-width: 478px) 100vw, 478px\" \/>\t\t\t<\/div>\n\t\t<\/a><!-- .post-thumbnail -->\n\t\t\t<div class=\"entry-content-wrap\">\n\t\t<header class=\"entry-header\">\n\t<h2 class=\"entry-title\"><a href=\"https:\/\/rukitisrezekne.lv\/?p=1557\" rel=\"bookmark\">Mi\u0137e\u013cdiena un \u0100bolu balle<\/a><\/h2><\/header><!-- .entry-header -->\n\t<div class=\"entry-summary\">\n\t\t<p>Mi\u0137e\u013cdienas ietvaros b\u0113rniem notika jautras un interesantas aktivit\u0101tes, dziesmas un dejas un \u0100bolu balle, kur var\u0113ja nogar\u0161ot \u0101bolus da\u017e\u0101dos veidos.<\/p>\n\t<\/div><!-- .entry-summary -->\n\t<footer class=\"entry-footer\">\n\t\t\t<div class=\"entry-actions\">\n\t\t\t<p class=\"more-link-wrap\">\n\t\t\t\t<a href=\"https:\/\/rukitisrezekne.lv\/?p=1557\" class=\"post-more-link\">\n\t\t\t\t\tLas\u012bt vair\u0101k<span class=\"screen-reader-text\"> Mi\u0137e\u013cdiena un \u0100bolu balle<\/span><span class=\"kadence-svg-iconset svg-baseline\"><svg aria-hidden=\"true\" class=\"kadence-svg-icon kadence-arrow-right-alt-svg\" fill=\"currentColor\" version=\"1.1\" xmlns=\"http:\/\/www.w3.org\/2000\/svg\" width=\"27\" height=\"28\" viewBox=\"0 0 27 28\"><title>Continue<\/title><path d=\"M27 13.953c0 0.141-0.063 0.281-0.156 0.375l-6 5.531c-0.156 0.141-0.359 0.172-0.547 0.094-0.172-0.078-0.297-0.25-0.297-0.453v-3.5h-19.5c-0.281 0-0.5-0.219-0.5-0.5v-3c0-0.281 0.219-0.5 0.5-0.5h19.5v-3.5c0-0.203 0.109-0.375 0.297-0.453s0.391-0.047 0.547 0.078l6 5.469c0.094 0.094 0.156 0.219 0.156 0.359v0z\"><\/path>\n\t\t\t<\/svg><\/span>\t\t\t\t<\/a>\n\t\t\t<\/p>\n\t\t<\/div><!-- .entry-actions -->\n\t\t<\/footer><!-- .entry-footer -->\t<\/div>\n<\/article>\n<article class=\"entry content-bg loop-entry post-1023 post type-post status-publish format-standard has-post-thumbnail hentry category-meza-rukis\">\n\t\t\t<a class=\"post-thumbnail kadence-thumbnail-ratio-2-3\" href=\"https:\/\/rukitisrezekne.lv\/?p=1023\">\n\t\t\t<div class=\"post-thumbnail-inner\">\n\t\t\t\t<img loading=\"lazy\" decoding=\"async\" width=\"768\" height=\"1024\" src=\"https:\/\/rukitisrezekne.lv\/wp-content\/uploads\/2023\/11\/WFZB2971.jpg\" class=\"attachment-medium_large size-medium_large wp-post-image\" alt=\"Mi\u0137e\u013ci\" srcset=\"https:\/\/rukitisrezekne.lv\/wp-content\/uploads\/2023\/11\/WFZB2971.jpg 768w, https:\/\/rukitisrezekne.lv\/wp-content\/uploads\/2023\/11\/WFZB2971-225x300.jpg 225w\" sizes=\"auto, (max-width: 768px) 100vw, 768px\" \/>\t\t\t<\/div>\n\t\t<\/a><!-- .post-thumbnail -->\n\t\t\t<div class=\"entry-content-wrap\">\n\t\t<header class=\"entry-header\">\n\t<h2 class=\"entry-title\"><a href=\"https:\/\/rukitisrezekne.lv\/?p=1023\" rel=\"bookmark\">Mi\u0137e\u013ci<\/a><\/h2><\/header><!-- .entry-header -->\n\t<div class=\"entry-summary\">\n\t\t<p>M\u012b\u0137eldienu svinot m\u0113s piedal\u012bj\u0101mies pas\u0101kum\u0101, kur m\u0113s ar za\u0137iem kop\u012bgi brauc\u0101m uz Mi\u0137eldienas tirdzi\u0146u satikt Mi\u0137eli, iesaistoties rota\u013c\u0101s.<\/p>\n\t<\/div><!-- .entry-summary -->\n\t<footer class=\"entry-footer\">\n\t\t\t<div class=\"entry-actions\">\n\t\t\t<p class=\"more-link-wrap\">\n\t\t\t\t<a href=\"https:\/\/rukitisrezekne.lv\/?p=1023\" class=\"post-more-link\">\n\t\t\t\t\tLas\u012bt vair\u0101k<span class=\"screen-reader-text\"> Mi\u0137e\u013ci<\/span><span class=\"kadence-svg-iconset svg-baseline\"><svg aria-hidden=\"true\" class=\"kadence-svg-icon kadence-arrow-right-alt-svg\" fill=\"currentColor\" version=\"1.1\" xmlns=\"http:\/\/www.w3.org\/2000\/svg\" width=\"27\" height=\"28\" viewBox=\"0 0 27 28\"><title>Continue<\/title><path d=\"M27 13.953c0 0.141-0.063 0.281-0.156 0.375l-6 5.531c-0.156 0.141-0.359 0.172-0.547 0.094-0.172-0.078-0.297-0.25-0.297-0.453v-3.5h-19.5c-0.281 0-0.5-0.219-0.5-0.5v-3c0-0.281 0.219-0.5 0.5-0.5h19.5v-3.5c0-0.203 0.109-0.375 0.297-0.453s0.391-0.047 0.547 0.078l6 5.469c0.094 0.094 0.156 0.219 0.156 0.359v0z\"><\/path>\n\t\t\t<\/svg><\/span>\t\t\t\t<\/a>\n\t\t\t<\/p>\n\t\t<\/div><!-- .entry-actions -->\n\t\t<\/footer><!-- .entry-footer -->\t<\/div>\n<\/article>\n<article class=\"entry content-bg loop-entry post-1042 post type-post status-publish format-standard has-post-thumbnail hentry category-meza-rukis\">\n\t\t\t<a class=\"post-thumbnail kadence-thumbnail-ratio-2-3\" href=\"https:\/\/rukitisrezekne.lv\/?p=1042\">\n\t\t\t<div class=\"post-thumbnail-inner\">\n\t\t\t\t<img loading=\"lazy\" decoding=\"async\" width=\"768\" height=\"1024\" src=\"https:\/\/rukitisrezekne.lv\/wp-content\/uploads\/2023\/11\/unnamed-768x1024.jpg\" class=\"attachment-medium_large size-medium_large wp-post-image\" alt=\"T\u0113vu diena \u2018\u2019L\u0101cpl\u0113\u0161a sp\u0113ks\u2019\u2019\" srcset=\"https:\/\/rukitisrezekne.lv\/wp-content\/uploads\/2023\/11\/unnamed-768x1024.jpg 768w, https:\/\/rukitisrezekne.lv\/wp-content\/uploads\/2023\/11\/unnamed-225x300.jpg 225w, https:\/\/rukitisrezekne.lv\/wp-content\/uploads\/2023\/11\/unnamed-1152x1536.jpg 1152w, https:\/\/rukitisrezekne.lv\/wp-content\/uploads\/2023\/11\/unnamed-1536x2048.jpg 1536w, https:\/\/rukitisrezekne.lv\/wp-content\/uploads\/2023\/11\/unnamed-scaled.jpg 1920w\" sizes=\"auto, (max-width: 768px) 100vw, 768px\" \/>\t\t\t<\/div>\n\t\t<\/a><!-- .post-thumbnail -->\n\t\t\t<div class=\"entry-content-wrap\">\n\t\t<header class=\"entry-header\">\n\t<h2 class=\"entry-title\"><a href=\"https:\/\/rukitisrezekne.lv\/?p=1042\" rel=\"bookmark\">T\u0113vu diena \u2018\u2019L\u0101cpl\u0113\u0161a sp\u0113ks\u2019\u2019<\/a><\/h2><\/header><!-- .entry-header -->\n\t<div class=\"entry-summary\">\n\t\t<p>10. novembr\u012b gr. \u2018\u2019Me\u017ea r\u016b\u0137i\u2019\u2019 notika T\u0113vu diena velt\u012bta L\u0101\u010dpl\u0113\u0161a dienai. Tik aicin\u0101ta Zaezersku \u0123imene, kur\u0101 abi vec\u0101ki str\u0101d\u0101 par zobu\u0101rstiem. \u0160\u012bs p\u0113cpusdienas ietvaros, Zaezersku \u0123imene las\u012bja lekciju, k\u0101 pareizi r\u016bp\u0113ties par zobiem, ko par\u0101d\u012bja ar\u012b katram b\u0113rnam individu\u0101li praktisk\u0101 nodarb\u012bb\u0101. Tika organiz\u0113tas aktivit\u0101tes b\u0113rniem, l\u012bdzdal\u012bb\u0101 ar vec\u0101kiem. Pas\u0101kuma nobeiguma da\u013c\u0101, tika apspriesti \u0161\u012b m\u0101c\u012bbu&#8230;<\/p>\n\t<\/div><!-- .entry-summary -->\n\t<footer class=\"entry-footer\">\n\t\t\t<div class=\"entry-actions\">\n\t\t\t<p class=\"more-link-wrap\">\n\t\t\t\t<a href=\"https:\/\/rukitisrezekne.lv\/?p=1042\" class=\"post-more-link\">\n\t\t\t\t\tLas\u012bt vair\u0101k<span class=\"screen-reader-text\"> T\u0113vu diena \u2018\u2019L\u0101cpl\u0113\u0161a sp\u0113ks\u2019\u2019<\/span><span class=\"kadence-svg-iconset svg-baseline\"><svg aria-hidden=\"true\" class=\"kadence-svg-icon kadence-arrow-right-alt-svg\" fill=\"currentColor\" version=\"1.1\" xmlns=\"http:\/\/www.w3.org\/2000\/svg\" width=\"27\" height=\"28\" viewBox=\"0 0 27 28\"><title>Continue<\/title><path d=\"M27 13.953c0 0.141-0.063 0.281-0.156 0.375l-6 5.531c-0.156 0.141-0.359 0.172-0.547 0.094-0.172-0.078-0.297-0.25-0.297-0.453v-3.5h-19.5c-0.281 0-0.5-0.219-0.5-0.5v-3c0-0.281 0.219-0.5 0.5-0.5h19.5v-3.5c0-0.203 0.109-0.375 0.297-0.453s0.391-0.047 0.547 0.078l6 5.469c0.094 0.094 0.156 0.219 0.156 0.359v0z\"><\/path>\n\t\t\t<\/svg><\/span>\t\t\t\t<\/a>\n\t\t\t<\/p>\n\t\t<\/div><!-- .entry-actions -->\n\t\t<\/footer><!-- .entry-footer -->\t<\/div>\n<\/article>\n<\/div><\/div><\/div>\n\n<\/div><\/div>","protected":false},"excerpt":{"rendered":"<p>Me\u017ea r\u016b\u0137is Me\u017ea r\u016b\u0137is 2024.\/2025. m\u0101c\u012bbu gada skolot\u0101jas Inga Magas, Ilona Ivanova, skolot\u0101ja pal\u012bgs Laura Patmalniece<\/p>\n","protected":false},"author":1,"featured_media":0,"parent":0,"menu_order":0,"comment_status":"closed","ping_status":"closed","template":"","meta":{"_kadence_starter_templates_imported_post":true,"_kad_post_transparent":"enable","_kad_post_title":"hide","_kad_post_layout":"fullwidth","_kad_post_sidebar_id":"","_kad_post_content_style":"unboxed","_kad_post_vertical_padding":"","_kad_post_feature":"","_kad_post_feature_position":"","_kad_post_header":false,"_kad_post_footer":false,"footnotes":""},"class_list":["post-104","page","type-page","status-publish","hentry"],"_links":{"self":[{"href":"https:\/\/rukitisrezekne.lv\/index.php?rest_route=\/wp\/v2\/pages\/104","targetHints":{"allow":["GET"]}}],"collection":[{"href":"https:\/\/rukitisrezekne.lv\/index.php?rest_route=\/wp\/v2\/pages"}],"about":[{"href":"https:\/\/rukitisrezekne.lv\/index.php?rest_route=\/wp\/v2\/types\/page"}],"author":[{"embeddable":true,"href":"https:\/\/rukitisrezekne.lv\/index.php?rest_route=\/wp\/v2\/users\/1"}],"replies":[{"embeddable":true,"href":"https:\/\/rukitisrezekne.lv\/index.php?rest_route=%2Fwp%2Fv2%2Fcomments&post=104"}],"version-history":[{"count":12,"href":"https:\/\/rukitisrezekne.lv\/index.php?rest_route=\/wp\/v2\/pages\/104\/revisions"}],"predecessor-version":[{"id":1577,"href":"https:\/\/rukitisrezekne.lv\/index.php?rest_route=\/wp\/v2\/pages\/104\/revisions\/1577"}],"wp:attachment":[{"href":"https:\/\/rukitisrezekne.lv\/index.php?rest_route=%2Fwp%2Fv2%2Fmedia&parent=104"}],"curies":[{"name":"wp","href":"https:\/\/api.w.org\/{rel}","templated":true}]}}